{"id":10097,"date":"2025-05-23T15:36:52","date_gmt":"2025-05-23T15:36:52","guid":{"rendered":"https:\/\/ramoscastillo.com\/?page_id=10097"},"modified":"2025-05-23T16:08:12","modified_gmt":"2025-05-23T16:08:12","slug":"talento","status":"publish","type":"page","link":"https:\/\/ramoscastillo.com\/es\/talento\/","title":{"rendered":"Talento"},"content":{"rendered":"<div data-elementor-type=\"wp-page\" data-elementor-id=\"10097\" class=\"elementor elementor-10097\" data-elementor-post-type=\"page\">\n\t\t\t\t<div class=\"elementor-element elementor-element-f2fea4a e-con-full e-flex e-con e-parent\" data-id=\"f2fea4a\" data-element_type=\"container\" data-settings=\"{&quot;background_background&quot;:&quot;classic&quot;}\">\n\t\t\t\t<div class=\"elementor-element elementor-element-3074f54 elementor-widget__width-initial elementor-invisible elementor-widget elementor-widget-legalik_animated-headline\" data-id=\"3074f54\" data-element_type=\"widget\" data-settings=\"{&quot;_animation&quot;:&quot;fadeInLeft&quot;}\" data-widget_type=\"legalik_animated-headline.default\">\n\t\t\t\t<div class=\"elementor-widget-container\">\n\t\t\t\t\t        <h2  class=\"elementor-headline\">\n                    <span class=\"elementor-headline-plain-text elementor-headline-text-wrapper\">Se parte de <\/span>\n                <span class=\"elementor-headline-dynamic-wrapper elementor-headline-text-wrapper\">\n                    <span class=\"elementor-headline-dynamic-text elementor-headline-text-active\">nuestro equipo<\/span>\n        \t\t<\/span>\n                <\/h2>\n        \t\t\t\t<\/div>\n\t\t\t\t<\/div>\n\t\t\t\t<div class=\"elementor-element elementor-element-afcbf6d elementor-widget-divider--view-line elementor-invisible elementor-widget elementor-widget-divider\" data-id=\"afcbf6d\" data-element_type=\"widget\" data-settings=\"{&quot;_animation&quot;:&quot;fadeInLeft&quot;,&quot;_animation_delay&quot;:500}\" data-widget_type=\"divider.default\">\n\t\t\t\t<div class=\"elementor-widget-container\">\n\t\t\t\t\t\t\t<div class=\"elementor-divider\">\n\t\t\t<span class=\"elementor-divider-separator\">\n\t\t\t\t\t\t<\/span>\n\t\t<\/div>\n\t\t\t\t\t\t<\/div>\n\t\t\t\t<\/div>\n\t\t<div class=\"elementor-element elementor-element-67688bf e-con-full e-flex e-con e-child\" data-id=\"67688bf\" data-element_type=\"container\">\n\t\t\t\t<div class=\"elementor-element elementor-element-598a512 elementor-invisible elementor-widget elementor-widget-text-editor\" data-id=\"598a512\" data-element_type=\"widget\" data-settings=\"{&quot;_animation&quot;:&quot;fadeInLeft&quot;}\" data-widget_type=\"text-editor.default\">\n\t\t\t\t<div class=\"elementor-widget-container\">\n\t\t\t\t\t\t\t\t\t<p class=\"\" data-start=\"72\" data-end=\"266\">En nuestro despacho, creemos que el verdadero valor de nuestra firma est\u00e1 en las personas que la conforman. Buscamos profesionales comprometidos, con vocaci\u00f3n jur\u00eddica y pasi\u00f3n por el servicio al cliente. Si est\u00e1s interesado en formar parte de un equipo que impulsa la excelencia legal y fomenta el desarrollo profesional constante, nos encantar\u00eda conocerte.<\/p>\t\t\t\t\t\t\t\t<\/div>\n\t\t\t\t<\/div>\n\t\t\t\t<\/div>\n\t\t\t\t<\/div>\n\t\t<div class=\"elementor-element elementor-element-e1ea6a8 e-flex e-con-boxed e-con e-parent\" data-id=\"e1ea6a8\" data-element_type=\"container\">\n\t\t\t\t\t<div class=\"e-con-inner\">\n\t\t\t\t<div class=\"elementor-element elementor-element-7b14ea5 elementor-widget__width-inherit elementor-widget elementor-widget-heading\" data-id=\"7b14ea5\" data-element_type=\"widget\" data-widget_type=\"heading.default\">\n\t\t\t\t<div class=\"elementor-widget-container\">\n\t\t\t\t\t<h2 class=\"elementor-heading-title elementor-size-default\">\u00danete a el mejor equipo legal<\/h2>\t\t\t\t<\/div>\n\t\t\t\t<\/div>\n\t\t<div class=\"elementor-element elementor-element-c3c208b e-con-full e-flex e-con e-child\" data-id=\"c3c208b\" data-element_type=\"container\" data-settings=\"{&quot;sticky_on&quot;:[&quot;desktop&quot;,&quot;laptop&quot;,&quot;tablet_extra&quot;],&quot;sticky_parent&quot;:&quot;yes&quot;,&quot;sticky&quot;:&quot;top&quot;,&quot;sticky_offset&quot;:20,&quot;sticky_effects_offset&quot;:0,&quot;sticky_anchor_link_offset&quot;:0}\">\n\t\t\t\t<div class=\"elementor-element elementor-element-ce6e232 elementor-widget__width-inherit elementor-widget elementor-widget-heading\" data-id=\"ce6e232\" data-element_type=\"widget\" data-widget_type=\"heading.default\">\n\t\t\t\t<div class=\"elementor-widget-container\">\n\t\t\t\t\t<h5 class=\"elementor-heading-title elementor-size-default\">Env\u00eda tu CV<\/h5>\t\t\t\t<\/div>\n\t\t\t\t<\/div>\n\t\t\t\t<div class=\"elementor-element elementor-element-992afc2 elementor-button-align-stretch elementor-widget elementor-widget-form\" data-id=\"992afc2\" data-element_type=\"widget\" data-settings=\"{&quot;step_next_label&quot;:&quot;Next&quot;,&quot;step_previous_label&quot;:&quot;Previous&quot;,&quot;button_width&quot;:&quot;100&quot;,&quot;step_type&quot;:&quot;number_text&quot;,&quot;step_icon_shape&quot;:&quot;circle&quot;}\" data-widget_type=\"form.default\">\n\t\t\t\t<div class=\"elementor-widget-container\">\n\t\t\t\t\t\t\t<form class=\"elementor-form\" method=\"post\" name=\"New Form\" action=\"\">\n\t\t\t<input type=\"hidden\" name=\"post_id\" value=\"10097\"\/>\n\t\t\t<input type=\"hidden\" name=\"form_id\" value=\"992afc2\"\/>\n\t\t\t<input type=\"hidden\" name=\"referer_title\" value=\"Talento\" \/>\n\n\t\t\t\t\t\t\t<input type=\"hidden\" name=\"queried_id\" value=\"10097\"\/>\n\t\t\t\n\t\t\t<div class=\"elementor-form-fields-wrapper elementor-labels-\">\n\t\t\t\t\t\t\t\t<div class=\"elementor-field-type-text elementor-field-group elementor-column elementor-field-group-name elementor-col-50\">\n\t\t\t\t\t\t\t\t\t\t\t\t\t<input size=\"1\" type=\"text\" name=\"form_fields[name]\" id=\"form-field-name\" class=\"elementor-field elementor-size-sm  elementor-field-textual\" placeholder=\"Nombre\">\n\t\t\t\t\t\t\t\t\t\t\t<\/div>\n\t\t\t\t\t\t\t\t<div class=\"elementor-field-type-text elementor-field-group elementor-column elementor-field-group-apellido elementor-col-50\">\n\t\t\t\t\t\t\t\t\t\t\t\t\t<input size=\"1\" type=\"text\" name=\"form_fields[apellido]\" id=\"form-field-apellido\" class=\"elementor-field elementor-size-sm  elementor-field-textual\" placeholder=\"Apellidos\">\n\t\t\t\t\t\t\t\t\t\t\t<\/div>\n\t\t\t\t\t\t\t\t<div class=\"elementor-field-type-email elementor-field-group elementor-column elementor-field-group-email elementor-col-100 elementor-field-required\">\n\t\t\t\t\t\t\t\t\t\t\t\t\t<input size=\"1\" type=\"email\" name=\"form_fields[email]\" id=\"form-field-email\" class=\"elementor-field elementor-size-sm  elementor-field-textual\" placeholder=\"Correo\" required=\"required\">\n\t\t\t\t\t\t\t\t\t\t\t<\/div>\n\t\t\t\t\t\t\t\t<div class=\"elementor-field-type-upload elementor-field-group elementor-column elementor-field-group-curriculum elementor-col-100 elementor-field-required\">\n\t\t\t\t\t\t\t<input type=\"file\" name=\"form_fields[curriculum]\" id=\"form-field-curriculum\" class=\"elementor-field elementor-size-sm  elementor-upload-field\" required=\"required\">\n\n\t\t\t\t\t\t<\/div>\n\t\t\t\t\t\t\t\t<div class=\"elementor-field-type-textarea elementor-field-group elementor-column elementor-field-group-message elementor-col-100\">\n\t\t\t\t\t<textarea class=\"elementor-field-textual elementor-field  elementor-size-sm\" name=\"form_fields[message]\" id=\"form-field-message\" rows=\"4\" placeholder=\"Mensaje (Opcional)\"><\/textarea>\t\t\t\t<\/div>\n\t\t\t\t\t\t\t\t<div class=\"elementor-field-group elementor-column elementor-field-type-submit elementor-col-100 e-form__buttons\">\n\t\t\t\t\t<button class=\"elementor-button elementor-size-sm\" type=\"submit\">\n\t\t\t\t\t\t<span class=\"elementor-button-content-wrapper\">\n\t\t\t\t\t\t\t\t\t\t\t\t\t\t\t\t\t\t\t\t\t\t<span class=\"elementor-button-text\">Enviar CV<\/span>\n\t\t\t\t\t\t\t\t\t\t\t\t\t<\/span>\n\t\t\t\t\t<\/button>\n\t\t\t\t<\/div>\n\t\t\t<\/div>\n\t\t<input type=\"hidden\" name=\"trp-form-language\" value=\"es\"\/><\/form>\n\t\t\t\t\t\t<\/div>\n\t\t\t\t<\/div>\n\t\t\t\t<\/div>\n\t\t\t\t\t<\/div>\n\t\t\t\t<\/div>\n\t\t\t\t<\/div>","protected":false},"excerpt":{"rendered":"<p>Se parte de nuestro equipo En nuestro despacho, creemos que el verdadero valor de nuestra firma est\u00e1 en las personas que la conforman. Buscamos profesionales comprometidos, con vocaci\u00f3n jur\u00eddica y pasi\u00f3n por el servicio al cliente. Si est\u00e1s interesado en formar parte de un equipo que impulsa la excelencia legal y fomenta el desarrollo profesional [&hellip;]<\/p>","protected":false},"author":1,"featured_media":0,"parent":0,"menu_order":0,"comment_status":"closed","ping_status":"closed","template":"template-homepage.php","meta":{"_acf_changed":false,"footnotes":""},"class_list":["post-10097","page","type-page","status-publish","hentry"],"acf":[],"_links":{"self":[{"href":"https:\/\/ramoscastillo.com\/es\/wp-json\/wp\/v2\/pages\/10097","targetHints":{"allow":["GET"]}}],"collection":[{"href":"https:\/\/ramoscastillo.com\/es\/wp-json\/wp\/v2\/pages"}],"about":[{"href":"https:\/\/ramoscastillo.com\/es\/wp-json\/wp\/v2\/types\/page"}],"author":[{"embeddable":true,"href":"https:\/\/ramoscastillo.com\/es\/wp-json\/wp\/v2\/users\/1"}],"replies":[{"embeddable":true,"href":"https:\/\/ramoscastillo.com\/es\/wp-json\/wp\/v2\/comments?post=10097"}],"version-history":[{"count":34,"href":"https:\/\/ramoscastillo.com\/es\/wp-json\/wp\/v2\/pages\/10097\/revisions"}],"predecessor-version":[{"id":10132,"href":"https:\/\/ramoscastillo.com\/es\/wp-json\/wp\/v2\/pages\/10097\/revisions\/10132"}],"wp:attachment":[{"href":"https:\/\/ramoscastillo.com\/es\/wp-json\/wp\/v2\/media?parent=10097"}],"curies":[{"name":"wp","href":"https:\/\/api.w.org\/{rel}","templated":true}]}}