{"id":1800,"date":"2025-02-13T02:19:40","date_gmt":"2025-02-13T02:19:40","guid":{"rendered":"https:\/\/demo2wpopal.b-cdn.net\/legalik\/?page_id=1800"},"modified":"2025-05-07T17:25:18","modified_gmt":"2025-05-07T17:25:18","slug":"servicios","status":"publish","type":"page","link":"https:\/\/ramoscastillo.com\/es\/servicios\/","title":{"rendered":"Servicios"},"content":{"rendered":"<div data-elementor-type=\"wp-page\" data-elementor-id=\"1800\" class=\"elementor elementor-1800\" data-elementor-post-type=\"page\">\n\t\t\t\t<div class=\"elementor-element elementor-element-cfe508e e-con-full e-flex e-con e-parent\" data-id=\"cfe508e\" data-element_type=\"container\" data-settings=\"{&quot;background_background&quot;:&quot;classic&quot;}\">\n\t\t\t\t<div class=\"elementor-element elementor-element-dbb6e47 elementor-widget__width-initial elementor-invisible elementor-widget elementor-widget-legalik_animated-headline\" data-id=\"dbb6e47\" data-element_type=\"widget\" data-settings=\"{&quot;_animation&quot;:&quot;fadeInLeft&quot;}\" data-widget_type=\"legalik_animated-headline.default\">\n\t\t\t\t<div class=\"elementor-widget-container\">\n\t\t\t\t\t        <h2  class=\"elementor-headline\">\n                    <span class=\"elementor-headline-plain-text elementor-headline-text-wrapper\">\u00c1reas de<\/span>\n                <span class=\"elementor-headline-dynamic-wrapper elementor-headline-text-wrapper\">\n                    <span class=\"elementor-headline-dynamic-text elementor-headline-text-active\">Pr\u00e1ctica<\/span>\n        \t\t<\/span>\n                <\/h2>\n        \t\t\t\t<\/div>\n\t\t\t\t<\/div>\n\t\t\t\t<div class=\"elementor-element elementor-element-c0d853a elementor-widget-divider--view-line elementor-invisible elementor-widget elementor-widget-divider\" data-id=\"c0d853a\" data-element_type=\"widget\" data-settings=\"{&quot;_animation&quot;:&quot;fadeInLeft&quot;,&quot;_animation_delay&quot;:500}\" data-widget_type=\"divider.default\">\n\t\t\t\t<div class=\"elementor-widget-container\">\n\t\t\t\t\t\t\t<div class=\"elementor-divider\">\n\t\t\t<span class=\"elementor-divider-separator\">\n\t\t\t\t\t\t<\/span>\n\t\t<\/div>\n\t\t\t\t\t\t<\/div>\n\t\t\t\t<\/div>\n\t\t<div class=\"elementor-element elementor-element-c9ee9fa e-con-full e-flex e-con e-child\" data-id=\"c9ee9fa\" data-element_type=\"container\">\n\t\t\t\t<div class=\"elementor-element elementor-element-6d1e62c elementor-invisible elementor-widget elementor-widget-text-editor\" data-id=\"6d1e62c\" data-element_type=\"widget\" data-settings=\"{&quot;_animation&quot;:&quot;fadeInLeft&quot;}\" data-widget_type=\"text-editor.default\">\n\t\t\t\t<div class=\"elementor-widget-container\">\n\t\t\t\t\t\t\t\t\t<p class=\"\" data-start=\"85\" data-end=\"388\">En Ramos Castillo Abogados contamos con un equipo especializado en diversas \u00e1reas del derecho, ofreciendo soluciones integrales y estrat\u00e9gicas para cada necesidad. Nuestro compromiso es brindar asesor\u00eda experta en cada etapa del proceso, siempre enfocados en proteger los intereses de nuestros clientes.<\/p>\t\t\t\t\t\t\t\t<\/div>\n\t\t\t\t<\/div>\n\t\t\t\t<\/div>\n\t\t\t\t<\/div>\n\t\t                <div class=\"custom-elementor-parallax\" data-id=\"cfe508e\" data-settings=\"{&quot;type&quot;:&quot;scroll&quot;,&quot;speed&quot;:&quot;1.2&quot;,&quot;keepImg&quot;:&quot;true&quot;,&quot;imgSize&quot;:&quot;cover&quot;,&quot;imgPosition&quot;:&quot;50% 0%&quot;,&quot;noAndroid&quot;:&quot;false&quot;,&quot;noIos&quot;:&quot;false&quot;}\"><\/div>\n            <div class=\"elementor-element elementor-element-5c0299c e-flex e-con-boxed e-con e-parent\" data-id=\"5c0299c\" data-element_type=\"container\">\n\t\t\t\t\t<div class=\"e-con-inner\">\n\t\t<div class=\"elementor-element elementor-element-75014b7 e-con-full e-flex e-con e-child\" data-id=\"75014b7\" data-element_type=\"container\" data-settings=\"{&quot;sticky&quot;:&quot;top&quot;,&quot;sticky_on&quot;:[&quot;desktop&quot;,&quot;laptop&quot;,&quot;tablet_extra&quot;],&quot;sticky_parent&quot;:&quot;yes&quot;,&quot;sticky_offset&quot;:90,&quot;sticky_effects_offset&quot;:0,&quot;sticky_anchor_link_offset&quot;:0}\">\n\t\t\t\t<div class=\"elementor-element elementor-element-d80ea68 elementor-icon-list--layout-traditional elementor-list-item-link-full_width elementor-widget elementor-widget-icon-list\" data-id=\"d80ea68\" data-element_type=\"widget\" data-widget_type=\"icon-list.default\">\n\t\t\t\t<div class=\"elementor-widget-container\">\n\t\t\t\t\t\t\t<ul class=\"elementor-icon-list-items\">\n\t\t\t\t\t\t\t<li class=\"elementor-icon-list-item\">\n\t\t\t\t\t\t\t\t\t\t\t<span class=\"elementor-icon-list-icon\">\n\t\t\t\t\t\t\t<svg aria-hidden=\"true\" class=\"e-font-icon-svg e-fas-circle\" viewbox=\"0 0 512 512\" xmlns=\"http:\/\/www.w3.org\/2000\/svg\"><path d=\"M256 8C119 8 8 119 8 256s111 248 248 248 248-111 248-248S393 8 256 8z\"><\/path><\/svg>\t\t\t\t\t\t<\/span>\n\t\t\t\t\t\t\t\t\t\t<span class=\"elementor-icon-list-text\">\u00e1reas de pr\u00e1ctica<\/span>\n\t\t\t\t\t\t\t\t\t<\/li>\n\t\t\t\t\t\t<\/ul>\n\t\t\t\t\t\t<\/div>\n\t\t\t\t<\/div>\n\t\t\t\t<div class=\"elementor-element elementor-element-a77c11b elementor-widget elementor-widget-legalik_animated-headline\" data-id=\"a77c11b\" data-element_type=\"widget\" data-widget_type=\"legalik_animated-headline.default\">\n\t\t\t\t<div class=\"elementor-widget-container\">\n\t\t\t\t\t        <h2  class=\"elementor-headline\">\n                <span class=\"elementor-headline-dynamic-wrapper elementor-headline-text-wrapper\">\n                    <span class=\"elementor-headline-dynamic-text elementor-headline-text-active\">Servicios legales<\/span>\n        \t\t<\/span>\n                    <span class=\"elementor-headline-after-text elementor-headline-text-wrapper\">dise\u00f1ados para ti<\/span>\n                <\/h2>\n        \t\t\t\t<\/div>\n\t\t\t\t<\/div>\n\t\t\t\t<div class=\"elementor-element elementor-element-a9068c0 enable-style-icon-yes enable-button-effect-yes elementor-widget elementor-widget-button\" data-id=\"a9068c0\" data-element_type=\"widget\" data-widget_type=\"button.default\">\n\t\t\t\t<div class=\"elementor-widget-container\">\n\t\t\t\t\t\t\t\t\t<div class=\"elementor-button-wrapper\">\n\t\t\t\t\t<a class=\"elementor-button elementor-button-link elementor-size-sm\" href=\"https:\/\/ramoscastillo.com\/es\/contacto\/\">\n\t\t\t\t\t\t<span class=\"elementor-button-content-wrapper\">\n\t\t\t\t\t\t<span class=\"elementor-button-icon\">\n\t\t\t\t<i aria-hidden=\"true\" class=\"legalik-icon- legalik-icon-thin-arrow-right\"><\/i>\t\t\t<\/span>\n\t\t\t\t\t\t\t\t\t<span class=\"elementor-button-text\">Agenda una cita<\/span>\n\t\t\t\t\t<\/span>\n\t\t\t\t\t<\/a>\n\t\t\t\t<\/div>\n\t\t\t\t\t\t\t\t<\/div>\n\t\t\t\t<\/div>\n\t\t\t\t<\/div>\n\t\t<div class=\"elementor-element elementor-element-0f5b784 e-con-full e-flex e-con e-child\" data-id=\"0f5b784\" data-element_type=\"container\">\n\t\t\t\t<div class=\"elementor-element elementor-element-55ac807 elementor-style-1 elementor-widget elementor-widget-legalik-services-categories-items\" data-id=\"55ac807\" data-element_type=\"widget\" data-widget_type=\"legalik-services-categories-items.default\">\n\t\t\t\t<div class=\"elementor-widget-container\">\n\t\t\t\t\t        <div class=\"service-cat-link-wrapper\">\n            <div class=\"service-cat-link-row\">\n                                    <div class=\"service-cat-link style-1\">\n                            <h4 class=\"delta service-title\"><a\n                href=\"https:\/\/ramoscastillo.com\/es\/category-services\/administrativo\/\">Administrativo<\/a><\/h4>\n    <div class=\"service-cat-link-content\">\n        <div class=\"service-content-left\">\n            <div class=\"service-post-thumbnail\">\n                <img decoding=\"async\" src=\"https:\/\/ramoscastillo.com\/wp-content\/uploads\/2025\/06\/25.png\" alt=\"\">            <\/div>\n            <div class=\"description\">\n                Gestionamos tr\u00e1mites administrativos, licencias y recursos legales para agilizar procesos y proteger tus derechos.            <\/div>\n            <a class=\"service-button button-link\" href=\"https:\/\/ramoscastillo.com\/es\/category-services\/administrativo\/\">\n                <span>Learn More<\/span>\n                <i class=\"legalik-icon-thin-arrow-right\"><\/i>\n            <\/a>\n        <\/div>\n        <div class=\"service-content-right\">\n            <a href=\"https:\/\/ramoscastillo.com\/es\/services\/vg-admin\/\">Visi\u00f3n General ADM<\/a><a href=\"https:\/\/ramoscastillo.com\/es\/services\/casos-admin\/\">Casos de Expertos ADM<\/a>        <\/div>\n    <\/div>\n                    <\/div>\n                                        <div class=\"service-cat-link style-1\">\n                            <h4 class=\"delta service-title\"><a\n                href=\"https:\/\/ramoscastillo.com\/es\/category-services\/fiscal\/\">Fiscal<\/a><\/h4>\n    <div class=\"service-cat-link-content\">\n        <div class=\"service-content-left\">\n            <div class=\"service-post-thumbnail\">\n                <img decoding=\"async\" src=\"https:\/\/demo2wpopal.b-cdn.net\/legalik\/wp-content\/uploads\/2025\/02\/service_3.jpg\" alt=\"\">            <\/div>\n            <div class=\"description\">\n                Optimizamos tu cumplimiento fiscal, asegurando que tus impuestos y obligaciones legales est\u00e9n en orden y sin riesgos.            <\/div>\n            <a class=\"service-button button-link\" href=\"https:\/\/ramoscastillo.com\/es\/category-services\/fiscal\/\">\n                <span>Learn More<\/span>\n                <i class=\"legalik-icon-thin-arrow-right\"><\/i>\n            <\/a>\n        <\/div>\n        <div class=\"service-content-right\">\n            <a href=\"https:\/\/ramoscastillo.com\/es\/services\/vision-general-fiscal\/\">Visi\u00f3n General Fiscal<\/a>        <\/div>\n    <\/div>\n                    <\/div>\n                                        <div class=\"service-cat-link style-1\">\n                            <h4 class=\"delta service-title\"><a\n                href=\"https:\/\/ramoscastillo.com\/es\/category-services\/anti-lavado-de-dinero\/\">Anti Lavado de Dinero<\/a><\/h4>\n    <div class=\"service-cat-link-content\">\n        <div class=\"service-content-left\">\n            <div class=\"service-post-thumbnail\">\n                <img decoding=\"async\" src=\"https:\/\/ramoscastillo.com\/wp-content\/uploads\/2025\/06\/27.png\" alt=\"\">            <\/div>\n            <div class=\"description\">\n                Te ayudamos a cumplir con la normativa en materia de ALD, evitando sanciones y protegiendo la integridad de tu negocio.            <\/div>\n            <a class=\"service-button button-link\" href=\"https:\/\/ramoscastillo.com\/es\/category-services\/anti-lavado-de-dinero\/\">\n                <span>Learn More<\/span>\n                <i class=\"legalik-icon-thin-arrow-right\"><\/i>\n            <\/a>\n        <\/div>\n        <div class=\"service-content-right\">\n            <a href=\"https:\/\/ramoscastillo.com\/es\/services\/vision-general-ald\/\">Visi\u00f3n general ALD<\/a>        <\/div>\n    <\/div>\n                    <\/div>\n                                        <div class=\"service-cat-link style-1\">\n                            <h4 class=\"delta service-title\"><a\n                href=\"https:\/\/ramoscastillo.com\/es\/category-services\/amparo\/\">Amparo<\/a><\/h4>\n    <div class=\"service-cat-link-content\">\n        <div class=\"service-content-left\">\n            <div class=\"service-post-thumbnail\">\n                <img decoding=\"async\" src=\"https:\/\/ramoscastillo.com\/wp-content\/uploads\/2025\/06\/26.png\" alt=\"\">            <\/div>\n            <div class=\"description\">\n                Defendemos tus derechos mediante juicios de amparo ante actos de autoridades que vulneren garant\u00edas constitucionales.            <\/div>\n            <a class=\"service-button button-link\" href=\"https:\/\/ramoscastillo.com\/es\/category-services\/amparo\/\">\n                <span>Learn More<\/span>\n                <i class=\"legalik-icon-thin-arrow-right\"><\/i>\n            <\/a>\n        <\/div>\n        <div class=\"service-content-right\">\n            <a href=\"https:\/\/ramoscastillo.com\/es\/services\/vision-general-amparo\/\">Visi\u00f3n general Amparo<\/a>        <\/div>\n    <\/div>\n                    <\/div>\n                                        <div class=\"service-cat-link style-1\">\n                            <h4 class=\"delta service-title\"><a\n                href=\"https:\/\/ramoscastillo.com\/es\/category-services\/arbitraje\/\">Arbitraje<\/a><\/h4>\n    <div class=\"service-cat-link-content\">\n        <div class=\"service-content-left\">\n            <div class=\"service-post-thumbnail\">\n                <img decoding=\"async\" src=\"https:\/\/demo2wpopal.b-cdn.net\/legalik\/wp-content\/uploads\/2025\/02\/service_6.jpg\" alt=\"\">            <\/div>\n            <div class=\"description\">\n                Resolvemos conflictos legales de forma r\u00e1pida y confidencial a trav\u00e9s de arbitraje, evitando largos procesos judiciales.            <\/div>\n            <a class=\"service-button button-link\" href=\"https:\/\/ramoscastillo.com\/es\/category-services\/arbitraje\/\">\n                <span>Learn More<\/span>\n                <i class=\"legalik-icon-thin-arrow-right\"><\/i>\n            <\/a>\n        <\/div>\n        <div class=\"service-content-right\">\n            <a href=\"https:\/\/ramoscastillo.com\/es\/services\/securities-litigation\/\">Visi\u00f3n General Arbitraje<\/a>        <\/div>\n    <\/div>\n                    <\/div>\n                                        <div class=\"service-cat-link style-1\">\n                            <h4 class=\"delta service-title\"><a\n                href=\"https:\/\/ramoscastillo.com\/es\/category-services\/corporativo\/\">Corporativo<\/a><\/h4>\n    <div class=\"service-cat-link-content\">\n        <div class=\"service-content-left\">\n            <div class=\"service-post-thumbnail\">\n                <img decoding=\"async\" src=\"https:\/\/ramoscastillo.com\/wp-content\/uploads\/2025\/06\/28.png\" alt=\"\">            <\/div>\n            <div class=\"description\">\n                Asesoramos legalmente a tu empresa en su constituci\u00f3n, estructura, contratos y gobierno corporativo para un crecimiento s\u00f3lido y seguro.            <\/div>\n            <a class=\"service-button button-link\" href=\"https:\/\/ramoscastillo.com\/es\/category-services\/corporativo\/\">\n                <span>Learn More<\/span>\n                <i class=\"legalik-icon-thin-arrow-right\"><\/i>\n            <\/a>\n        <\/div>\n        <div class=\"service-content-right\">\n            <a href=\"https:\/\/ramoscastillo.com\/es\/services\/vision-general-corporativa\/\">Visi\u00f3n General Corporativa<\/a>        <\/div>\n    <\/div>\n                    <\/div>\n                                        <div class=\"service-cat-link style-1\">\n                            <h4 class=\"delta service-title\"><a\n                href=\"https:\/\/ramoscastillo.com\/es\/category-services\/pro-bono\/\">Pro Bono<\/a><\/h4>\n    <div class=\"service-cat-link-content\">\n        <div class=\"service-content-left\">\n            <div class=\"service-post-thumbnail\">\n                <img decoding=\"async\" src=\"https:\/\/ramoscastillo.com\/wp-content\/uploads\/2025\/02\/13.png\" alt=\"\">            <\/div>\n            <div class=\"description\">\n                Brindamos asesor\u00eda legal gratuita a personas y causas que lo necesitan, con el mismo compromiso y calidad profesional.            <\/div>\n            <a class=\"service-button button-link\" href=\"https:\/\/ramoscastillo.com\/es\/category-services\/pro-bono\/\">\n                <span>Learn More<\/span>\n                <i class=\"legalik-icon-thin-arrow-right\"><\/i>\n            <\/a>\n        <\/div>\n        <div class=\"service-content-right\">\n            <a href=\"https:\/\/ramoscastillo.com\/es\/services\/vision-general-pro-bono\/\">Visi\u00f3n General Pro Bono<\/a>        <\/div>\n    <\/div>\n                    <\/div>\n                                        <div class=\"service-cat-link style-1\">\n                            <h4 class=\"delta service-title\"><a\n                href=\"https:\/\/ramoscastillo.com\/es\/category-services\/servicios-adicionales\/\">Servicios Adicionales<\/a><\/h4>\n    <div class=\"service-cat-link-content\">\n        <div class=\"service-content-left\">\n            <div class=\"service-post-thumbnail\">\n                <img decoding=\"async\" src=\"https:\/\/ramoscastillo.com\/wp-content\/uploads\/2025\/06\/29.png\" alt=\"\">            <\/div>\n            <div class=\"description\">\n                Coordinamos y supervisamos asesor\u00eda legal externa en \u00e1reas que no atendemos directamente, garantizando calidad y confianza.            <\/div>\n            <a class=\"service-button button-link\" href=\"https:\/\/ramoscastillo.com\/es\/category-services\/servicios-adicionales\/\">\n                <span>Learn More<\/span>\n                <i class=\"legalik-icon-thin-arrow-right\"><\/i>\n            <\/a>\n        <\/div>\n        <div class=\"service-content-right\">\n            <a href=\"https:\/\/ramoscastillo.com\/es\/services\/vision-general-de-servicios-adicionales\/\">Visi\u00f3n General de Servicios Adicionales<\/a>        <\/div>\n    <\/div>\n                    <\/div>\n                                <\/div>\n\n        <\/div>\n        \t\t\t\t<\/div>\n\t\t\t\t<\/div>\n\t\t\t\t<\/div>\n\t\t\t\t\t<\/div>\n\t\t\t\t<\/div>\n\t\t\t\t<\/div>","protected":false},"excerpt":{"rendered":"<p>\u00c1reas de Pr\u00e1ctica En Ramos Castillo Abogados contamos con un equipo especializado en diversas \u00e1reas del derecho, ofreciendo soluciones integrales y estrat\u00e9gicas para cada necesidad. Nuestro compromiso es brindar asesor\u00eda experta en cada etapa del proceso, siempre enfocados en proteger los intereses de nuestros clientes. \u00e1reas de pr\u00e1ctica Servicios legales dise\u00f1ados para ti Agenda una [&hellip;]<\/p>","protected":false},"author":1,"featured_media":0,"parent":0,"menu_order":0,"comment_status":"closed","ping_status":"closed","template":"template-homepage.php","meta":{"_acf_changed":false,"footnotes":""},"class_list":["post-1800","page","type-page","status-publish","hentry"],"acf":[],"_links":{"self":[{"href":"https:\/\/ramoscastillo.com\/es\/wp-json\/wp\/v2\/pages\/1800","targetHints":{"allow":["GET"]}}],"collection":[{"href":"https:\/\/ramoscastillo.com\/es\/wp-json\/wp\/v2\/pages"}],"about":[{"href":"https:\/\/ramoscastillo.com\/es\/wp-json\/wp\/v2\/types\/page"}],"author":[{"embeddable":true,"href":"https:\/\/ramoscastillo.com\/es\/wp-json\/wp\/v2\/users\/1"}],"replies":[{"embeddable":true,"href":"https:\/\/ramoscastillo.com\/es\/wp-json\/wp\/v2\/comments?post=1800"}],"version-history":[{"count":56,"href":"https:\/\/ramoscastillo.com\/es\/wp-json\/wp\/v2\/pages\/1800\/revisions"}],"predecessor-version":[{"id":9034,"href":"https:\/\/ramoscastillo.com\/es\/wp-json\/wp\/v2\/pages\/1800\/revisions\/9034"}],"wp:attachment":[{"href":"https:\/\/ramoscastillo.com\/es\/wp-json\/wp\/v2\/media?parent=1800"}],"curies":[{"name":"wp","href":"https:\/\/api.w.org\/{rel}","templated":true}]}}