{"id":55,"date":"2025-02-10T01:57:12","date_gmt":"2025-02-10T01:57:12","guid":{"rendered":"https:\/\/demo2wpopal.b-cdn.net\/legalik\/?page_id=55"},"modified":"2025-06-02T21:04:36","modified_gmt":"2025-06-02T21:04:36","slug":"historia-de-la-firma","status":"publish","type":"page","link":"https:\/\/ramoscastillo.com\/es\/historia-de-la-firma\/","title":{"rendered":"Historia"},"content":{"rendered":"<div data-elementor-type=\"wp-page\" data-elementor-id=\"55\" class=\"elementor elementor-55\" data-elementor-post-type=\"page\">\n\t\t\t\t<div class=\"elementor-element elementor-element-21249d0 e-flex e-con-boxed e-con e-parent\" data-id=\"21249d0\" data-element_type=\"container\" data-settings=\"{&quot;background_background&quot;:&quot;classic&quot;}\">\n\t\t\t\t\t<div class=\"e-con-inner\">\n\t\t\t\t<div class=\"elementor-element elementor-element-585a8eb elementor-absolute elementor-hidden-mobile elementor-widget elementor-widget-heading\" data-id=\"585a8eb\" data-element_type=\"widget\" data-settings=\"{&quot;_position&quot;:&quot;absolute&quot;,&quot;motion_fx_motion_fx_scrolling&quot;:&quot;yes&quot;,&quot;motion_fx_translateX_effect&quot;:&quot;yes&quot;,&quot;motion_fx_translateX_direction&quot;:&quot;negative&quot;,&quot;motion_fx_devices&quot;:[&quot;desktop&quot;,&quot;laptop&quot;,&quot;tablet_extra&quot;],&quot;motion_fx_translateX_speed&quot;:{&quot;unit&quot;:&quot;px&quot;,&quot;size&quot;:2,&quot;sizes&quot;:[]},&quot;motion_fx_translateX_affectedRange&quot;:{&quot;unit&quot;:&quot;%&quot;,&quot;size&quot;:&quot;&quot;,&quot;sizes&quot;:{&quot;start&quot;:0,&quot;end&quot;:100}}}\" data-widget_type=\"heading.default\">\n\t\t\t\t<div class=\"elementor-widget-container\">\n\t\t\t\t\t<h2 class=\"elementor-heading-title elementor-size-default\">Nuestra Historia<\/h2>\t\t\t\t<\/div>\n\t\t\t\t<\/div>\n\t\t<div class=\"elementor-element elementor-element-075f1cf e-con-full e-flex e-con e-child\" data-id=\"075f1cf\" data-element_type=\"container\">\n\t\t<div class=\"elementor-element elementor-element-db123f0 e-con-full e-flex e-con e-child\" data-id=\"db123f0\" data-element_type=\"container\">\n\t\t\t\t<div class=\"elementor-element elementor-element-6aa9d1d animated-fast elementor-icon-list--layout-traditional elementor-list-item-link-full_width elementor-invisible elementor-widget elementor-widget-icon-list\" data-id=\"6aa9d1d\" data-element_type=\"widget\" data-settings=\"{&quot;_animation&quot;:&quot;opal-move-up&quot;}\" data-widget_type=\"icon-list.default\">\n\t\t\t\t<div class=\"elementor-widget-container\">\n\t\t\t\t\t\t\t<ul class=\"elementor-icon-list-items\">\n\t\t\t\t\t\t\t<li class=\"elementor-icon-list-item\">\n\t\t\t\t\t\t\t\t\t\t\t<span class=\"elementor-icon-list-icon\">\n\t\t\t\t\t\t\t<svg aria-hidden=\"true\" class=\"e-font-icon-svg e-fas-circle\" viewbox=\"0 0 512 512\" xmlns=\"http:\/\/www.w3.org\/2000\/svg\"><path d=\"M256 8C119 8 8 119 8 256s111 248 248 248 248-111 248-248S393 8 256 8z\"><\/path><\/svg>\t\t\t\t\t\t<\/span>\n\t\t\t\t\t\t\t\t\t\t<span class=\"elementor-icon-list-text\">Nuestra Historia<\/span>\n\t\t\t\t\t\t\t\t\t<\/li>\n\t\t\t\t\t\t<\/ul>\n\t\t\t\t\t\t<\/div>\n\t\t\t\t<\/div>\n\t\t\t\t<div class=\"elementor-element elementor-element-a727436 elementor-widget__width-initial animated-fast elementor-invisible elementor-widget elementor-widget-legalik_animated-headline\" data-id=\"a727436\" data-element_type=\"widget\" data-settings=\"{&quot;_animation&quot;:&quot;opal-move-up&quot;}\" data-widget_type=\"legalik_animated-headline.default\">\n\t\t\t\t<div class=\"elementor-widget-container\">\n\t\t\t\t\t        <h2  class=\"elementor-headline\">\n                    <span class=\"elementor-headline-plain-text elementor-headline-text-wrapper\">Defendi\u00e9ndote por m\u00e1s<\/span>\n                <span class=\"elementor-headline-dynamic-wrapper elementor-headline-text-wrapper\">\n                    <span class=\"elementor-headline-dynamic-text elementor-headline-text-active\">de 13 a\u00f1os<\/span>\n        \t\t<\/span>\n                <\/h2>\n        \t\t\t\t<\/div>\n\t\t\t\t<\/div>\n\t\t\t\t<div class=\"elementor-element elementor-element-9e09811 elementor-widget-divider--view-line elementor-invisible elementor-widget elementor-widget-divider\" data-id=\"9e09811\" data-element_type=\"widget\" data-settings=\"{&quot;_animation&quot;:&quot;fadeInLeft&quot;,&quot;_animation_delay&quot;:500}\" data-widget_type=\"divider.default\">\n\t\t\t\t<div class=\"elementor-widget-container\">\n\t\t\t\t\t\t\t<div class=\"elementor-divider\">\n\t\t\t<span class=\"elementor-divider-separator\">\n\t\t\t\t\t\t<\/span>\n\t\t<\/div>\n\t\t\t\t\t\t<\/div>\n\t\t\t\t<\/div>\n\t\t\t\t<div class=\"elementor-element elementor-element-7e48b53 animated-fast elementor-invisible elementor-widget elementor-widget-text-editor\" data-id=\"7e48b53\" data-element_type=\"widget\" data-settings=\"{&quot;_animation&quot;:&quot;opal-move-up&quot;}\" data-widget_type=\"text-editor.default\">\n\t\t\t\t<div class=\"elementor-widget-container\">\n\t\t\t\t\t\t\t\t\t<p>Con oficinas principales en Guadalajara, el despacho asesora a una diversa clientela que incluye empresas nacionales e internacionales, bancos e instituciones financieras, fondos, grupos promotores y entidades del sector p\u00fablico.<\/p>\t\t\t\t\t\t\t\t<\/div>\n\t\t\t\t<\/div>\n\t\t\t\t<\/div>\n\t\t<div class=\"elementor-element elementor-element-183de44 e-con-full e-flex e-con e-child\" data-id=\"183de44\" data-element_type=\"container\">\n\t\t\t\t<div class=\"elementor-element elementor-element-9bd8c5f elementor-widget elementor-widget-image\" data-id=\"9bd8c5f\" data-element_type=\"widget\" data-settings=\"{&quot;_animation_mobile&quot;:&quot;opal-move-right&quot;}\" data-widget_type=\"image.default\">\n\t\t\t\t<div class=\"elementor-widget-container\">\n\t\t\t\t\t\t\t\t\t\t\t\t\t\t\t<img fetchpriority=\"high\" decoding=\"async\" width=\"1707\" height=\"2560\" src=\"https:\/\/ramoscastillo.com\/wp-content\/uploads\/2025\/04\/IMG_5766-scaled.jpg\" class=\"attachment-full size-full wp-image-7377\" alt=\"\" srcset=\"https:\/\/ramoscastillo.com\/wp-content\/uploads\/2025\/04\/IMG_5766-scaled.jpg 1707w, https:\/\/ramoscastillo.com\/wp-content\/uploads\/2025\/04\/IMG_5766-200x300.jpg 200w, https:\/\/ramoscastillo.com\/wp-content\/uploads\/2025\/04\/IMG_5766-683x1024.jpg 683w, https:\/\/ramoscastillo.com\/wp-content\/uploads\/2025\/04\/IMG_5766-768x1152.jpg 768w, https:\/\/ramoscastillo.com\/wp-content\/uploads\/2025\/04\/IMG_5766-1024x1536.jpg 1024w, https:\/\/ramoscastillo.com\/wp-content\/uploads\/2025\/04\/IMG_5766-1365x2048.jpg 1365w, https:\/\/ramoscastillo.com\/wp-content\/uploads\/2025\/04\/IMG_5766-8x12.jpg 8w\" sizes=\"(max-width: 1707px) 100vw, 1707px\" \/>\t\t\t\t\t\t\t\t\t\t\t\t\t\t\t<\/div>\n\t\t\t\t<\/div>\n\t\t\t\t<\/div>\n\t\t\t\t<\/div>\n\t\t\t\t\t<\/div>\n\t\t\t\t<\/div>\n\t\t<div class=\"elementor-element elementor-element-c92ca66 e-flex e-con-boxed e-con e-parent\" data-id=\"c92ca66\" data-element_type=\"container\">\n\t\t\t\t\t<div class=\"e-con-inner\">\n\t\t<div class=\"elementor-element elementor-element-6b7b0bd e-con-full e-flex e-con e-child\" data-id=\"6b7b0bd\" data-element_type=\"container\">\n\t\t\t\t<div class=\"elementor-element elementor-element-4a02bd4 animated-fast elementor-icon-list--layout-traditional elementor-list-item-link-full_width elementor-invisible elementor-widget elementor-widget-icon-list\" data-id=\"4a02bd4\" data-element_type=\"widget\" data-settings=\"{&quot;_animation&quot;:&quot;opal-move-right&quot;}\" data-widget_type=\"icon-list.default\">\n\t\t\t\t<div class=\"elementor-widget-container\">\n\t\t\t\t\t\t\t<ul class=\"elementor-icon-list-items\">\n\t\t\t\t\t\t\t<li class=\"elementor-icon-list-item\">\n\t\t\t\t\t\t\t\t\t\t\t<span class=\"elementor-icon-list-icon\">\n\t\t\t\t\t\t\t<svg aria-hidden=\"true\" class=\"e-font-icon-svg e-fas-circle\" viewbox=\"0 0 512 512\" xmlns=\"http:\/\/www.w3.org\/2000\/svg\"><path d=\"M256 8C119 8 8 119 8 256s111 248 248 248 248-111 248-248S393 8 256 8z\"><\/path><\/svg>\t\t\t\t\t\t<\/span>\n\t\t\t\t\t\t\t\t\t\t<span class=\"elementor-icon-list-text\">L\u00ednea de tiempo<\/span>\n\t\t\t\t\t\t\t\t\t<\/li>\n\t\t\t\t\t\t<\/ul>\n\t\t\t\t\t\t<\/div>\n\t\t\t\t<\/div>\n\t\t\t\t<\/div>\n\t\t<div class=\"elementor-element elementor-element-7e96b74 e-con-full e-flex e-con e-child\" data-id=\"7e96b74\" data-element_type=\"container\">\n\t\t\t\t<div class=\"elementor-element elementor-element-25a65d3 elementor-widget__width-initial animated-fast elementor-invisible elementor-widget elementor-widget-legalik_animated-headline\" data-id=\"25a65d3\" data-element_type=\"widget\" data-settings=\"{&quot;_animation&quot;:&quot;opal-move-left&quot;}\" data-widget_type=\"legalik_animated-headline.default\">\n\t\t\t\t<div class=\"elementor-widget-container\">\n\t\t\t\t\t        <h2  class=\"elementor-headline\">\n                <span class=\"elementor-headline-dynamic-wrapper elementor-headline-text-wrapper\">\n                    <span class=\"elementor-headline-dynamic-text elementor-headline-text-active\">El futuro<\/span>\n        \t\t<\/span>\n                    <span class=\"elementor-headline-after-text elementor-headline-text-wrapper\">es con nosotros<\/span>\n                <\/h2>\n        \t\t\t\t<\/div>\n\t\t\t\t<\/div>\n\t\t\t\t<div class=\"elementor-element elementor-element-4123662 elementor-widget-divider--view-line elementor-invisible elementor-widget elementor-widget-divider\" data-id=\"4123662\" data-element_type=\"widget\" data-settings=\"{&quot;_animation&quot;:&quot;fadeInRight&quot;,&quot;_animation_delay&quot;:500}\" data-widget_type=\"divider.default\">\n\t\t\t\t<div class=\"elementor-widget-container\">\n\t\t\t\t\t\t\t<div class=\"elementor-divider\">\n\t\t\t<span class=\"elementor-divider-separator\">\n\t\t\t\t\t\t<\/span>\n\t\t<\/div>\n\t\t\t\t\t\t<\/div>\n\t\t\t\t<\/div>\n\t\t\t\t<\/div>\n\t\t\t\t<div class=\"elementor-element elementor-element-660fb2c elementor-widget__width-inherit elementor-widget elementor-widget-timeline elementor-widget-legalik-timeline\" data-id=\"660fb2c\" data-element_type=\"widget\" data-widget_type=\"legalik-timeline.default\">\n\t\t\t\t<div class=\"elementor-widget-container\">\n\t\t\t\t\t<div class=\"timeline\"><div class=\"timeline-list\">            <div class=\"timeline-item\">\n                                    <div class=\"timeline-image\">\n                        <img decoding=\"async\" src=\"https:\/\/ramoscastillo.com\/wp-content\/uploads\/2025\/04\/Ramos-Castillo-Abogados-Draft-de-Sitio-Web-scaled.jpg\" title=\"Ramos Castillo Abogados Draft de Sitio Web\" alt=\"Ramos Castillo Abogados Draft de Sitio Web\" loading=\"lazy\" \/>                    <\/div>\n                \n                <span class=\"timeline-highlight\"><\/span>\n\n                <div class=\"timeline-info\">\n                    <h2 class=\"timeline-heading\">2011<\/h2>\n                    <div class=\"timeline-desc\">\n                        <p>Fundaci\u00f3n del despacho<br \/><strong>Oficinas de providencia.<\/strong><\/p>                    <\/div>\n                <\/div>\n            <\/div>\n                        <div class=\"timeline-item\">\n                                    <div class=\"timeline-image\">\n                        <img decoding=\"async\" src=\"https:\/\/ramoscastillo.com\/wp-content\/uploads\/2025\/02\/service_detail_1.jpg\" title=\"service_detail_1\" alt=\"service_detail_1\" loading=\"lazy\" \/>                    <\/div>\n                \n                <span class=\"timeline-highlight\"><\/span>\n\n                <div class=\"timeline-info\">\n                    <h2 class=\"timeline-heading\">2013<\/h2>\n                    <div class=\"timeline-desc\">\n                        <p>Ramos Hermosillo Abogados<br \/><strong>Oficinas Aldous Huxley<\/strong><br \/><strong>Col. Jardines Universidad.<\/strong><\/p>                    <\/div>\n                <\/div>\n            <\/div>\n                        <div class=\"timeline-item\">\n                                    <div class=\"timeline-image\">\n                        <img decoding=\"async\" src=\"https:\/\/ramoscastillo.com\/wp-content\/uploads\/2025\/04\/cropped-Color.png\" title=\"cropped-Color.png\" alt=\"cropped-Color.png\" loading=\"lazy\" \/>                    <\/div>\n                \n                <span class=\"timeline-highlight\"><\/span>\n\n                <div class=\"timeline-info\">\n                    <h2 class=\"timeline-heading\">2019<\/h2>\n                    <div class=\"timeline-desc\">\n                        <p>Ramos Castillo Abogados<br \/><strong>Cambio de nombre y socios del despacho.<\/strong><\/p>                    <\/div>\n                <\/div>\n            <\/div>\n                        <div class=\"timeline-item\">\n                                    <div class=\"timeline-image\">\n                        <img decoding=\"async\" src=\"https:\/\/ramoscastillo.com\/wp-content\/uploads\/2025\/02\/service_detail_2.jpg\" title=\"service_detail_2\" alt=\"service_detail_2\" loading=\"lazy\" \/>                    <\/div>\n                \n                <span class=\"timeline-highlight\"><\/span>\n\n                <div class=\"timeline-info\">\n                    <h2 class=\"timeline-heading\">2022 - 2024<\/h2>\n                    <div class=\"timeline-desc\">\n                        <p>Jose Pablo Ramos Castillo - <strong>Presidente del Comit\u00e9 Directivo de la Barra Mexicana Colegio de Abogados, Cap\u00edtulo Jalisco, A.C., 2022 \u2013 al 2025<\/strong><\/p>                    <\/div>\n                <\/div>\n            <\/div>\n                        <div class=\"timeline-item\">\n                                    <div class=\"timeline-image\">\n                        <img decoding=\"async\" src=\"https:\/\/ramoscastillo.com\/wp-content\/uploads\/2025\/05\/IT-Logo-new.png\" title=\"IT Logo new\" alt=\"IT Logo new\" loading=\"lazy\" \/>                    <\/div>\n                \n                <span class=\"timeline-highlight\"><\/span>\n\n                <div class=\"timeline-info\">\n                    <h2 class=\"timeline-heading\">2022 - 2024<\/h2>\n                    <div class=\"timeline-desc\">\n                        <p>Top de los mejores abogados : <strong>Jos\u00e9 Pablo ha estado presente: 2022, 2023 y 2024 de los Mejores Abogados de M\u00e9xico.<\/strong><\/p>                    <\/div>\n                <\/div>\n            <\/div>\n                        <div class=\"timeline-item\">\n                                    <div class=\"timeline-image\">\n                        <img decoding=\"async\" src=\"https:\/\/ramoscastillo.com\/wp-content\/uploads\/2025\/02\/service_detail_4.jpg\" title=\"service_detail_4\" alt=\"service_detail_4\" loading=\"lazy\" \/>                    <\/div>\n                \n                <span class=\"timeline-highlight\"><\/span>\n\n                <div class=\"timeline-info\">\n                    <h2 class=\"timeline-heading\">2023<\/h2>\n                    <div class=\"timeline-desc\">\n                        <p>Se incorpora socio<br \/><strong>Se incorpora a la firma el socio fiscal:<br \/>Juan Carlos de Obeso Orendain.<\/strong><\/p>                    <\/div>\n                <\/div>\n            <\/div>\n                        <div class=\"timeline-item\">\n                                    <div class=\"timeline-image\">\n                        <img decoding=\"async\" src=\"https:\/\/ramoscastillo.com\/wp-content\/uploads\/2025\/04\/Chambers-Logo.png\" title=\"Chambers Logo\" alt=\"Chambers Logo\" loading=\"lazy\" \/>                    <\/div>\n                \n                <span class=\"timeline-highlight\"><\/span>\n\n                <div class=\"timeline-info\">\n                    <h2 class=\"timeline-heading\">2024<\/h2>\n                    <div class=\"timeline-desc\">\n                        <p>Revista Chambers:<strong> La firma logr\u00f3 incorporarse al ranking, espec\u00edficamente en la pr\u00e1ctica General Business Law: Guadalajara.<\/strong><\/p>                    <\/div>\n                <\/div>\n            <\/div>\n                        <div class=\"timeline-item\">\n                                    <div class=\"timeline-image\">\n                        <img decoding=\"async\" src=\"https:\/\/ramoscastillo.com\/wp-content\/uploads\/2025\/04\/17207.png\" title=\"17207\" alt=\"17207\" loading=\"lazy\" \/>                    <\/div>\n                \n                <span class=\"timeline-highlight\"><\/span>\n\n                <div class=\"timeline-info\">\n                    <h2 class=\"timeline-heading\">2024<\/h2>\n                    <div class=\"timeline-desc\">\n                        <p>Cambio de oficinas Torre C&amp;C<br \/><strong>Inauguraci\u00f3n de las nuevas oficinas en Av. de las Am\u00e9ricas 1930, Col. Country Club, Piso 13.<\/strong><\/p>                    <\/div>\n                <\/div>\n            <\/div>\n                        <div class=\"timeline-item\">\n                                    <div class=\"timeline-image\">\n                        <img decoding=\"async\" src=\"https:\/\/ramoscastillo.com\/wp-content\/uploads\/2025\/04\/JOSE-PABLO-Team.jpg\" title=\"JOSE PABLO Team\" alt=\"JOSE PABLO Team\" loading=\"lazy\" \/>                    <\/div>\n                \n                <span class=\"timeline-highlight\"><\/span>\n\n                <div class=\"timeline-info\">\n                    <h2 class=\"timeline-heading\">2025<\/h2>\n                    <div class=\"timeline-desc\">\n                        <p><strong>Reconocimiento como Lawyer of the Year en Administrative Law en nuestra edici\u00f3n 2025 en M\u00e9xico.<\/strong><\/p>                    <\/div>\n                <\/div>\n            <\/div>\n                        <div class=\"timeline-item\">\n                                    <div class=\"timeline-image\">\n                        <img decoding=\"async\" src=\"https:\/\/ramoscastillo.com\/wp-content\/uploads\/2025\/05\/IT-Logo-new-1.png\" title=\"Best Lawyers\" alt=\"Best Lawyers\" loading=\"lazy\" \/>                    <\/div>\n                \n                <span class=\"timeline-highlight\"><\/span>\n\n                <div class=\"timeline-info\">\n                    <h2 class=\"timeline-heading\">2025<\/h2>\n                    <div class=\"timeline-desc\">\n                        <p>Lawyer of the Year en el \u00e1rea de pr\u00e1ctica de Admisitrative Law en Guadalajara.<strong> Lo elegieron todos sus colegas de otras firmas que ejercen esa \u00e1rea de pr\u00e1tica<\/strong><\/p>                    <\/div>\n                <\/div>\n            <\/div>\n            <\/div><\/div>\t\t\t\t<\/div>\n\t\t\t\t<\/div>\n\t\t\t\t\t<\/div>\n\t\t\t\t<\/div>\n\t\t<div class=\"elementor-element elementor-element-ba682d5 e-flex e-con-boxed e-con e-parent\" data-id=\"ba682d5\" data-element_type=\"container\">\n\t\t\t\t\t<div class=\"e-con-inner\">\n\t\t\t\t<div class=\"elementor-element elementor-element-99ada23 elementor-widget__width-initial animated-fast elementor-invisible elementor-widget elementor-widget-legalik_animated-headline\" data-id=\"99ada23\" data-element_type=\"widget\" data-settings=\"{&quot;_animation&quot;:&quot;opal-move-up&quot;}\" data-widget_type=\"legalik_animated-headline.default\">\n\t\t\t\t<div class=\"elementor-widget-container\">\n\t\t\t\t\t        <h2  class=\"elementor-headline\">\n                    <span class=\"elementor-headline-plain-text elementor-headline-text-wrapper\">Listo para discutir tus<\/span>\n                <span class=\"elementor-headline-dynamic-wrapper elementor-headline-text-wrapper\">\n                    <span class=\"elementor-headline-dynamic-text elementor-headline-text-active\">necesidades legales?<\/span>\n        \t\t<\/span>\n                <\/h2>\n        \t\t\t\t<\/div>\n\t\t\t\t<\/div>\n\t\t\t\t<div class=\"elementor-element elementor-element-bc6e984 enable-style-icon-yes enable-button-effect-yes elementor-align-center animated-fast elementor-invisible elementor-widget elementor-widget-button\" data-id=\"bc6e984\" data-element_type=\"widget\" data-settings=\"{&quot;_animation&quot;:&quot;opal-move-up&quot;}\" data-widget_type=\"button.default\">\n\t\t\t\t<div class=\"elementor-widget-container\">\n\t\t\t\t\t\t\t\t\t<div class=\"elementor-button-wrapper\">\n\t\t\t\t\t<a class=\"elementor-button elementor-button-link elementor-size-sm\" href=\"https:\/\/ramoscastillo.com\/es\/contacto\/\">\n\t\t\t\t\t\t<span class=\"elementor-button-content-wrapper\">\n\t\t\t\t\t\t<span class=\"elementor-button-icon\">\n\t\t\t\t<i aria-hidden=\"true\" class=\"legalik-icon- legalik-icon-thin-arrow-right\"><\/i>\t\t\t<\/span>\n\t\t\t\t\t\t\t\t\t<span class=\"elementor-button-text\">Agenda tu cita<\/span>\n\t\t\t\t\t<\/span>\n\t\t\t\t\t<\/a>\n\t\t\t\t<\/div>\n\t\t\t\t\t\t\t\t<\/div>\n\t\t\t\t<\/div>\n\t\t\t\t\t<\/div>\n\t\t\t\t<\/div>\n\t\t\t\t<\/div>","protected":false},"excerpt":{"rendered":"<p>Nuestra Historia Nuestra Historia Defendi\u00e9ndote por m\u00e1s de 13 a\u00f1os Con oficinas principales en Guadalajara, el despacho asesora a una diversa clientela que incluye empresas nacionales e internacionales, bancos e instituciones financieras, fondos, grupos promotores y entidades del sector p\u00fablico. L\u00ednea de tiempo El futuro es con nosotros 2011 Fundaci\u00f3n del despachoOficinas de providencia. 2013 [&hellip;]<\/p>","protected":false},"author":1,"featured_media":0,"parent":0,"menu_order":0,"comment_status":"closed","ping_status":"closed","template":"template-homepage.php","meta":{"_acf_changed":false,"footnotes":""},"class_list":["post-55","page","type-page","status-publish","hentry"],"acf":[],"_links":{"self":[{"href":"https:\/\/ramoscastillo.com\/es\/wp-json\/wp\/v2\/pages\/55","targetHints":{"allow":["GET"]}}],"collection":[{"href":"https:\/\/ramoscastillo.com\/es\/wp-json\/wp\/v2\/pages"}],"about":[{"href":"https:\/\/ramoscastillo.com\/es\/wp-json\/wp\/v2\/types\/page"}],"author":[{"embeddable":true,"href":"https:\/\/ramoscastillo.com\/es\/wp-json\/wp\/v2\/users\/1"}],"replies":[{"embeddable":true,"href":"https:\/\/ramoscastillo.com\/es\/wp-json\/wp\/v2\/comments?post=55"}],"version-history":[{"count":115,"href":"https:\/\/ramoscastillo.com\/es\/wp-json\/wp\/v2\/pages\/55\/revisions"}],"predecessor-version":[{"id":10275,"href":"https:\/\/ramoscastillo.com\/es\/wp-json\/wp\/v2\/pages\/55\/revisions\/10275"}],"wp:attachment":[{"href":"https:\/\/ramoscastillo.com\/es\/wp-json\/wp\/v2\/media?parent=55"}],"curies":[{"name":"wp","href":"https:\/\/api.w.org\/{rel}","templated":true}]}}