{"id":6204,"date":"2025-04-07T21:09:58","date_gmt":"2025-04-07T21:09:58","guid":{"rendered":"https:\/\/ramoscastillo.com\/?page_id=6204"},"modified":"2025-06-11T18:14:23","modified_gmt":"2025-06-11T18:14:23","slug":"edgar-adrian-moro-lopez","status":"publish","type":"page","link":"https:\/\/ramoscastillo.com\/es\/nuestro-equipo\/edgar-adrian-moro-lopez\/","title":{"rendered":"Edgar Adri\u00e1n Moro L\u00f3pez"},"content":{"rendered":"<div data-elementor-type=\"wp-page\" data-elementor-id=\"6204\" class=\"elementor elementor-6204\" data-elementor-post-type=\"page\">\n\t\t\t\t<div class=\"elementor-element elementor-element-fb11d2e e-flex e-con-boxed e-con e-parent\" data-id=\"fb11d2e\" data-element_type=\"container\" data-settings=\"{&quot;background_background&quot;:&quot;classic&quot;}\">\n\t\t\t\t\t<div class=\"e-con-inner\">\n\t\t<div class=\"elementor-element elementor-element-d5bff9c e-con-full e-flex e-con e-child\" data-id=\"d5bff9c\" data-element_type=\"container\">\n\t\t<div class=\"elementor-element elementor-element-8de2574 e-con-full e-flex e-con e-child\" data-id=\"8de2574\" data-element_type=\"container\">\n\t\t\t\t<div class=\"elementor-element elementor-element-1d5c508 elementor-icon-list--layout-traditional elementor-list-item-link-full_width elementor-widget elementor-widget-icon-list\" data-id=\"1d5c508\" data-element_type=\"widget\" data-widget_type=\"icon-list.default\">\n\t\t\t\t<div class=\"elementor-widget-container\">\n\t\t\t\t\t\t\t<ul class=\"elementor-icon-list-items\">\n\t\t\t\t\t\t\t<li class=\"elementor-icon-list-item\">\n\t\t\t\t\t\t\t\t\t\t\t<span class=\"elementor-icon-list-icon\">\n\t\t\t\t\t\t\t<svg aria-hidden=\"true\" class=\"e-font-icon-svg e-fas-circle\" viewbox=\"0 0 512 512\" xmlns=\"http:\/\/www.w3.org\/2000\/svg\"><path d=\"M256 8C119 8 8 119 8 256s111 248 248 248 248-111 248-248S393 8 256 8z\"><\/path><\/svg>\t\t\t\t\t\t<\/span>\n\t\t\t\t\t\t\t\t\t\t<span class=\"elementor-icon-list-text\">Asociado Sr.\t<\/span>\n\t\t\t\t\t\t\t\t\t<\/li>\n\t\t\t\t\t\t<\/ul>\n\t\t\t\t\t\t<\/div>\n\t\t\t\t<\/div>\n\t\t\t\t<div class=\"elementor-element elementor-element-4f4659b elementor-widget elementor-widget-heading\" data-id=\"4f4659b\" data-element_type=\"widget\" data-widget_type=\"heading.default\">\n\t\t\t\t<div class=\"elementor-widget-container\">\n\t\t\t\t\t<h2 class=\"elementor-heading-title elementor-size-default\">Edgar Adri\u00e1n Moro L\u00f3pez<\/h2>\t\t\t\t<\/div>\n\t\t\t\t<\/div>\n\t\t\t\t<div class=\"elementor-element elementor-element-acd565f elementor-icon-list--layout-traditional elementor-list-item-link-full_width elementor-widget elementor-widget-icon-list\" data-id=\"acd565f\" data-element_type=\"widget\" data-widget_type=\"icon-list.default\">\n\t\t\t\t<div class=\"elementor-widget-container\">\n\t\t\t\t\t\t\t<ul class=\"elementor-icon-list-items\">\n\t\t\t\t\t\t\t<li class=\"elementor-icon-list-item\">\n\t\t\t\t\t\t\t\t\t\t\t<span class=\"elementor-icon-list-icon\">\n\t\t\t\t\t\t\t<svg aria-hidden=\"true\" class=\"e-font-icon-svg e-far-envelope\" viewbox=\"0 0 512 512\" xmlns=\"http:\/\/www.w3.org\/2000\/svg\"><path d=\"M464 64H48C21.49 64 0 85.49 0 112v288c0 26.51 21.49 48 48 48h416c26.51 0 48-21.49 48-48V112c0-26.51-21.49-48-48-48zm0 48v40.805c-22.422 18.259-58.168 46.651-134.587 106.49-16.841 13.247-50.201 45.072-73.413 44.701-23.208.375-56.579-31.459-73.413-44.701C106.18 199.465 70.425 171.067 48 152.805V112h416zM48 400V214.398c22.914 18.251 55.409 43.862 104.938 82.646 21.857 17.205 60.134 55.186 103.062 54.955 42.717.231 80.509-37.199 103.053-54.947 49.528-38.783 82.032-64.401 104.947-82.653V400H48z\"><\/path><\/svg>\t\t\t\t\t\t<\/span>\n\t\t\t\t\t\t\t\t\t\t<span class=\"elementor-icon-list-text\">a.moro@ramoscastillo.com<\/span>\n\t\t\t\t\t\t\t\t\t<\/li>\n\t\t\t\t\t\t<\/ul>\n\t\t\t\t\t\t<\/div>\n\t\t\t\t<\/div>\n\t\t\t\t<div class=\"elementor-element elementor-element-8d4a5ad elementor-widget-divider--view-line elementor-widget elementor-widget-divider\" data-id=\"8d4a5ad\" data-element_type=\"widget\" data-widget_type=\"divider.default\">\n\t\t\t\t<div class=\"elementor-widget-container\">\n\t\t\t\t\t\t\t<div class=\"elementor-divider\">\n\t\t\t<span class=\"elementor-divider-separator\">\n\t\t\t\t\t\t<\/span>\n\t\t<\/div>\n\t\t\t\t\t\t<\/div>\n\t\t\t\t<\/div>\n\t\t\t\t<div class=\"elementor-element elementor-element-a2fb850 elementor-widget elementor-widget-text-editor\" data-id=\"a2fb850\" data-element_type=\"widget\" data-widget_type=\"text-editor.default\">\n\t\t\t\t<div class=\"elementor-widget-container\">\n\t\t\t\t\t\t\t\t\t<p><span style=\"font-weight: 400;\">Edgar Adri\u00e1n Moro L\u00f3pez es abogado por la Universidad de Guadalajara, con m\u00e1s de una d\u00e9cada de experiencia en litigio administrativo, constitucional, urban\u00edstico y energ\u00e9tico.<\/span><\/p>\t\t\t\t\t\t\t\t<\/div>\n\t\t\t\t<\/div>\n\t\t\t\t<\/div>\n\t\t<div class=\"elementor-element elementor-element-d5cb8ff e-con-full e-flex e-con e-child\" data-id=\"d5cb8ff\" data-element_type=\"container\">\n\t\t\t\t<div class=\"elementor-element elementor-element-47dcba6 elementor-widget elementor-widget-image\" data-id=\"47dcba6\" data-element_type=\"widget\" data-widget_type=\"image.default\">\n\t\t\t\t<div class=\"elementor-widget-container\">\n\t\t\t\t\t\t\t\t\t\t\t\t\t\t\t<img fetchpriority=\"high\" decoding=\"async\" width=\"1080\" height=\"1350\" src=\"https:\/\/ramoscastillo.com\/wp-content\/uploads\/2025\/06\/1.png\" class=\"attachment-full size-full wp-image-10475\" alt=\"\" srcset=\"https:\/\/ramoscastillo.com\/wp-content\/uploads\/2025\/06\/1.png 1080w, https:\/\/ramoscastillo.com\/wp-content\/uploads\/2025\/06\/1-240x300.png 240w, https:\/\/ramoscastillo.com\/wp-content\/uploads\/2025\/06\/1-819x1024.png 819w, https:\/\/ramoscastillo.com\/wp-content\/uploads\/2025\/06\/1-768x960.png 768w, https:\/\/ramoscastillo.com\/wp-content\/uploads\/2025\/06\/1-10x12.png 10w\" sizes=\"(max-width: 1080px) 100vw, 1080px\" \/>\t\t\t\t\t\t\t\t\t\t\t\t\t\t\t<\/div>\n\t\t\t\t<\/div>\n\t\t\t\t<\/div>\n\t\t\t\t<\/div>\n\t\t\t\t\t<\/div>\n\t\t\t\t<\/div>\n\t\t<div class=\"elementor-element elementor-element-e9dc851 e-flex e-con-boxed e-con e-parent\" data-id=\"e9dc851\" data-element_type=\"container\">\n\t\t\t\t\t<div class=\"e-con-inner\">\n\t\t<div class=\"elementor-element elementor-element-6cc8369 e-con-full e-flex e-con e-child\" data-id=\"6cc8369\" data-element_type=\"container\">\n\t\t\t\t<div class=\"elementor-element elementor-element-504743a elementor-widget elementor-widget-heading\" data-id=\"504743a\" data-element_type=\"widget\" data-widget_type=\"heading.default\">\n\t\t\t\t<div class=\"elementor-widget-container\">\n\t\t\t\t\t<h6 class=\"elementor-heading-title elementor-size-default\">\u00c1reas de Pr\u00e1ctica<\/h6>\t\t\t\t<\/div>\n\t\t\t\t<\/div>\n\t\t\t\t<div class=\"elementor-element elementor-element-c21f19f elementor-icon-list--layout-traditional elementor-list-item-link-full_width elementor-widget elementor-widget-icon-list\" data-id=\"c21f19f\" data-element_type=\"widget\" data-widget_type=\"icon-list.default\">\n\t\t\t\t<div class=\"elementor-widget-container\">\n\t\t\t\t\t\t\t<ul class=\"elementor-icon-list-items\">\n\t\t\t\t\t\t\t<li class=\"elementor-icon-list-item\">\n\t\t\t\t\t\t\t\t\t\t<span class=\"elementor-icon-list-text\">Administraci\u00f3n<\/span>\n\t\t\t\t\t\t\t\t\t<\/li>\n\t\t\t\t\t\t\t\t<li class=\"elementor-icon-list-item\">\n\t\t\t\t\t\t\t\t\t\t<span class=\"elementor-icon-list-text\">Amparo<\/span>\n\t\t\t\t\t\t\t\t\t<\/li>\n\t\t\t\t\t\t\t\t<li class=\"elementor-icon-list-item\">\n\t\t\t\t\t\t\t\t\t\t<span class=\"elementor-icon-list-text\">Urbanismo<\/span>\n\t\t\t\t\t\t\t\t\t<\/li>\n\t\t\t\t\t\t\t\t<li class=\"elementor-icon-list-item\">\n\t\t\t\t\t\t\t\t\t\t<span class=\"elementor-icon-list-text\">Migratorio<\/span>\n\t\t\t\t\t\t\t\t\t<\/li>\n\t\t\t\t\t\t<\/ul>\n\t\t\t\t\t\t<\/div>\n\t\t\t\t<\/div>\n\t\t\t\t<div class=\"elementor-element elementor-element-d931a29 elementor-widget elementor-widget-heading\" data-id=\"d931a29\" data-element_type=\"widget\" data-widget_type=\"heading.default\">\n\t\t\t\t<div class=\"elementor-widget-container\">\n\t\t\t\t\t<h6 class=\"elementor-heading-title elementor-size-default\">Idiomas<\/h6>\t\t\t\t<\/div>\n\t\t\t\t<\/div>\n\t\t\t\t<div class=\"elementor-element elementor-element-acfdb36 elementor-icon-list--layout-traditional elementor-list-item-link-full_width elementor-widget elementor-widget-icon-list\" data-id=\"acfdb36\" data-element_type=\"widget\" data-widget_type=\"icon-list.default\">\n\t\t\t\t<div class=\"elementor-widget-container\">\n\t\t\t\t\t\t\t<ul class=\"elementor-icon-list-items\">\n\t\t\t\t\t\t\t<li class=\"elementor-icon-list-item\">\n\t\t\t\t\t\t\t\t\t\t<span class=\"elementor-icon-list-text\">Espa\u00f1ol. (Lengua Materna).<\/span>\n\t\t\t\t\t\t\t\t\t<\/li>\n\t\t\t\t\t\t\t\t<li class=\"elementor-icon-list-item\">\n\t\t\t\t\t\t\t\t\t\t<span class=\"elementor-icon-list-text\">Ingl\u00e9s.<\/span>\n\t\t\t\t\t\t\t\t\t<\/li>\n\t\t\t\t\t\t<\/ul>\n\t\t\t\t\t\t<\/div>\n\t\t\t\t<\/div>\n\t\t\t\t<div class=\"elementor-element elementor-element-6ea6643 elementor-widget elementor-widget-heading\" data-id=\"6ea6643\" data-element_type=\"widget\" data-widget_type=\"heading.default\">\n\t\t\t\t<div class=\"elementor-widget-container\">\n\t\t\t\t\t<h6 class=\"elementor-heading-title elementor-size-default\">Ubicaci\u00f3n<\/h6>\t\t\t\t<\/div>\n\t\t\t\t<\/div>\n\t\t\t\t<div class=\"elementor-element elementor-element-05556b8 elementor-icon-list--layout-traditional elementor-list-item-link-full_width elementor-widget elementor-widget-icon-list\" data-id=\"05556b8\" data-element_type=\"widget\" data-widget_type=\"icon-list.default\">\n\t\t\t\t<div class=\"elementor-widget-container\">\n\t\t\t\t\t\t\t<ul class=\"elementor-icon-list-items\">\n\t\t\t\t\t\t\t<li class=\"elementor-icon-list-item\">\n\t\t\t\t\t\t\t\t\t\t<span class=\"elementor-icon-list-text\">Guadalajara, Jalisco.<\/span>\n\t\t\t\t\t\t\t\t\t<\/li>\n\t\t\t\t\t\t<\/ul>\n\t\t\t\t\t\t<\/div>\n\t\t\t\t<\/div>\n\t\t\t\t<div class=\"elementor-element elementor-element-82f2d5d elementor-button-outline enable-style-icon-yes enable-button-effect-yes elementor-widget elementor-widget-button\" data-id=\"82f2d5d\" data-element_type=\"widget\" data-widget_type=\"button.default\">\n\t\t\t\t<div class=\"elementor-widget-container\">\n\t\t\t\t\t\t\t\t\t<div class=\"elementor-button-wrapper\">\n\t\t\t\t\t<a class=\"elementor-button elementor-button-link elementor-size-sm\" href=\"mailto:a.moro@ramoscastillo.com\">\n\t\t\t\t\t\t<span class=\"elementor-button-content-wrapper\">\n\t\t\t\t\t\t<span class=\"elementor-button-icon\">\n\t\t\t\t<i aria-hidden=\"true\" class=\"legalik-icon- legalik-icon-thin-arrow-right\"><\/i>\t\t\t<\/span>\n\t\t\t\t\t\t\t\t\t<span class=\"elementor-button-text\">Contactar<\/span>\n\t\t\t\t\t<\/span>\n\t\t\t\t\t<\/a>\n\t\t\t\t<\/div>\n\t\t\t\t\t\t\t\t<\/div>\n\t\t\t\t<\/div>\n\t\t\t\t<\/div>\n\t\t<div class=\"elementor-element elementor-element-df26beb e-con-full e-flex e-con e-child\" data-id=\"df26beb\" data-element_type=\"container\">\n\t\t\t\t<div class=\"elementor-element elementor-element-f2da515 elementor-tabs-style-default e-n-tabs-mobile elementor-widget elementor-widget-n-tabs\" data-id=\"f2da515\" data-element_type=\"widget\" data-settings=\"{&quot;horizontal_scroll&quot;:&quot;disable&quot;}\" data-widget_type=\"nested-tabs.default\">\n\t\t\t\t<div class=\"elementor-widget-container\">\n\t\t\t\t\t\t\t<div class=\"e-n-tabs\" data-widget-number=\"254649621\" aria-label=\"Pesta\u00f1as. Abre elementos con Intro o Espacio, ci\u00e9rralos con Escape y navega con las fechas.\" data-no-translation-aria-label=\"\">\n\t\t\t<div class=\"e-n-tabs-heading\" role=\"tablist\">\n\t\t\t\t\t<button id=\"e-n-tab-title-2546496211\" data-tab-title-id=\"e-n-tab-title-2546496211\" class=\"e-n-tab-title\" aria-selected=\"true\" data-tab-index=\"1\" role=\"tab\" tabindex=\"0\" aria-controls=\"e-n-tab-content-2546496211\" style=\"--n-tabs-title-order: 1;\">\n\t\t\t\t\t\t<span class=\"e-n-tab-title-text\">\n\t\t\t\tTrayectoria y Experiencia\t\t\t<\/span>\n\t\t<\/button>\n\t\t\t\t\t<\/div>\n\t\t\t<div class=\"e-n-tabs-content\">\n\t\t\t\t<div id=\"e-n-tab-content-2546496211\" role=\"tabpanel\" aria-labelledby=\"e-n-tab-title-2546496211\" data-tab-index=\"1\" style=\"--n-tabs-title-order: 1;\" class=\"e-active elementor-element elementor-element-eb36af8 e-con-full e-flex e-con e-child\" data-id=\"eb36af8\" data-element_type=\"container\">\n\t\t\t\t<div class=\"elementor-element elementor-element-2974a26 animated-fast elementor-invisible elementor-widget elementor-widget-text-editor\" data-id=\"2974a26\" data-element_type=\"widget\" data-settings=\"{&quot;_animation&quot;:&quot;opal-move-up&quot;}\" data-widget_type=\"text-editor.default\">\n\t\t\t\t<div class=\"elementor-widget-container\">\n\t\t\t\t\t\t\t\t\t<p><span style=\"font-weight: 400;\">Edgar Adri\u00e1n Moro L\u00f3pez es abogado por la Universidad de Guadalajara, con m\u00e1s de una d\u00e9cada de experiencia en litigio administrativo, constitucional, urban\u00edstico y energ\u00e9tico. Actualmente es asociado senior en Ramos Castillo Abogados, S.C., donde lidera proyectos de defensa legal en sectores estrat\u00e9gicos y altamente regulados.<\/span><\/p>\t\t\t\t\t\t\t\t<\/div>\n\t\t\t\t<\/div>\n\t\t\t\t<div class=\"elementor-element elementor-element-11784fa animated-fast elementor-invisible elementor-widget elementor-widget-text-editor\" data-id=\"11784fa\" data-element_type=\"widget\" data-settings=\"{&quot;_animation&quot;:&quot;opal-move-up&quot;}\" data-widget_type=\"text-editor.default\">\n\t\t\t\t<div class=\"elementor-widget-container\">\n\t\t\t\t\t\t\t\t\t<p><span style=\"font-weight: 400;\">Ha participado en numerosos seminarios y cursos impartidos por instituciones como la Escuela Libre de Derecho, la Comisi\u00f3n Estatal de Derechos Humanos de Jalisco y la Universidad de Guadalajara. Su formaci\u00f3n acad\u00e9mica se complementa con estudios de posgrado en curso por parte de la Universidad Jesuita de Guadalajara.<\/span><\/p>\t\t\t\t\t\t\t\t<\/div>\n\t\t\t\t<\/div>\n\t\t\t\t<div class=\"elementor-element elementor-element-0343ba7 animated-fast elementor-invisible elementor-widget elementor-widget-text-editor\" data-id=\"0343ba7\" data-element_type=\"widget\" data-settings=\"{&quot;_animation&quot;:&quot;opal-move-up&quot;}\" data-widget_type=\"text-editor.default\">\n\t\t\t\t<div class=\"elementor-widget-container\">\n\t\t\t\t\t\t\t\t\t<p><span style=\"font-weight: 400;\">A lo largo de su carrera ha prestado asesor\u00eda tanto a instituciones p\u00fablicas como privadas, incluyendo al sector constructor e inversionista energ\u00e9tico, destacando por su capacidad para implementar soluciones jur\u00eddicas que promuevan el respeto al Estado de Derecho, la reparaci\u00f3n integral y la justicia constitucional.<\/span><\/p>\t\t\t\t\t\t\t\t<\/div>\n\t\t\t\t<\/div>\n\t\t\t\t<\/div>\n\t\t\t\t\t<\/div>\n\t\t<\/div>\n\t\t\t\t\t\t<\/div>\n\t\t\t\t<\/div>\n\t\t\t\t<\/div>\n\t\t\t\t\t<\/div>\n\t\t\t\t<\/div>\n\t\t\t\t<\/div>","protected":false},"excerpt":{"rendered":"<p>Asociado Sr. Edgar Adri\u00e1n Moro L\u00f3pez a.moro@ramoscastillo.com Edgar Adri\u00e1n Moro L\u00f3pez es abogado por la Universidad de Guadalajara, con m\u00e1s de una d\u00e9cada de experiencia en litigio administrativo, constitucional, urban\u00edstico y energ\u00e9tico. \u00c1reas de Pr\u00e1ctica Administraci\u00f3n Amparo Urbanismo Migratorio Idiomas Espa\u00f1ol. (Lengua Materna). Ingl\u00e9s. Ubicaci\u00f3n Guadalajara, Jalisco. Contactar Trayectoria y Experiencia Edgar Adri\u00e1n Moro L\u00f3pez [&hellip;]<\/p>","protected":false},"author":1,"featured_media":0,"parent":57,"menu_order":0,"comment_status":"closed","ping_status":"closed","template":"template-homepage.php","meta":{"_acf_changed":false,"footnotes":""},"class_list":["post-6204","page","type-page","status-publish","hentry"],"acf":[],"_links":{"self":[{"href":"https:\/\/ramoscastillo.com\/es\/wp-json\/wp\/v2\/pages\/6204","targetHints":{"allow":["GET"]}}],"collection":[{"href":"https:\/\/ramoscastillo.com\/es\/wp-json\/wp\/v2\/pages"}],"about":[{"href":"https:\/\/ramoscastillo.com\/es\/wp-json\/wp\/v2\/types\/page"}],"author":[{"embeddable":true,"href":"https:\/\/ramoscastillo.com\/es\/wp-json\/wp\/v2\/users\/1"}],"replies":[{"embeddable":true,"href":"https:\/\/ramoscastillo.com\/es\/wp-json\/wp\/v2\/comments?post=6204"}],"version-history":[{"count":46,"href":"https:\/\/ramoscastillo.com\/es\/wp-json\/wp\/v2\/pages\/6204\/revisions"}],"predecessor-version":[{"id":10491,"href":"https:\/\/ramoscastillo.com\/es\/wp-json\/wp\/v2\/pages\/6204\/revisions\/10491"}],"up":[{"embeddable":true,"href":"https:\/\/ramoscastillo.com\/es\/wp-json\/wp\/v2\/pages\/57"}],"wp:attachment":[{"href":"https:\/\/ramoscastillo.com\/es\/wp-json\/wp\/v2\/media?parent=6204"}],"curies":[{"name":"wp","href":"https:\/\/api.w.org\/{rel}","templated":true}]}}