{"id":9086,"date":"2025-05-03T00:36:34","date_gmt":"2025-05-03T00:36:34","guid":{"rendered":"https:\/\/ramoscastillo.com\/?page_id=9086"},"modified":"2025-05-07T17:25:03","modified_gmt":"2025-05-07T17:25:03","slug":"aviso-de-privacidad","status":"publish","type":"page","link":"https:\/\/ramoscastillo.com\/es\/aviso-de-privacidad\/","title":{"rendered":"Aviso de Privacidad"},"content":{"rendered":"<div data-elementor-type=\"wp-page\" data-elementor-id=\"9086\" class=\"elementor elementor-9086\" data-elementor-post-type=\"page\">\n\t\t\t\t<div class=\"elementor-element elementor-element-a42279b e-con-full e-flex e-con e-parent\" data-id=\"a42279b\" data-element_type=\"container\" data-settings=\"{&quot;background_background&quot;:&quot;classic&quot;}\">\n\t\t\t\t<div class=\"elementor-element elementor-element-5737643 elementor-widget__width-initial elementor-invisible elementor-widget elementor-widget-legalik_animated-headline\" data-id=\"5737643\" data-element_type=\"widget\" data-settings=\"{&quot;_animation&quot;:&quot;fadeInLeft&quot;}\" data-widget_type=\"legalik_animated-headline.default\">\n\t\t\t\t<div class=\"elementor-widget-container\">\n\t\t\t\t\t        <h2  class=\"elementor-headline\">\n                    <span class=\"elementor-headline-plain-text elementor-headline-text-wrapper\">Aviso de<\/span>\n                <span class=\"elementor-headline-dynamic-wrapper elementor-headline-text-wrapper\">\n                    <span class=\"elementor-headline-dynamic-text elementor-headline-text-active\">Privacidad<\/span>\n        \t\t<\/span>\n                <\/h2>\n        \t\t\t\t<\/div>\n\t\t\t\t<\/div>\n\t\t\t\t<div class=\"elementor-element elementor-element-d0b8404 elementor-widget-divider--view-line elementor-invisible elementor-widget elementor-widget-divider\" data-id=\"d0b8404\" data-element_type=\"widget\" data-settings=\"{&quot;_animation&quot;:&quot;fadeInLeft&quot;,&quot;_animation_delay&quot;:500}\" data-widget_type=\"divider.default\">\n\t\t\t\t<div class=\"elementor-widget-container\">\n\t\t\t\t\t\t\t<div class=\"elementor-divider\">\n\t\t\t<span class=\"elementor-divider-separator\">\n\t\t\t\t\t\t<\/span>\n\t\t<\/div>\n\t\t\t\t\t\t<\/div>\n\t\t\t\t<\/div>\n\t\t<div class=\"elementor-element elementor-element-134f892 e-con-full e-flex e-con e-child\" data-id=\"134f892\" data-element_type=\"container\">\n\t\t\t\t<div class=\"elementor-element elementor-element-592df73 elementor-invisible elementor-widget elementor-widget-text-editor\" data-id=\"592df73\" data-element_type=\"widget\" data-settings=\"{&quot;_animation&quot;:&quot;fadeInLeft&quot;}\" data-widget_type=\"text-editor.default\">\n\t\t\t\t<div class=\"elementor-widget-container\">\n\t\t\t\t\t\t\t\t\t<p>Ramos Castillo Abogados, S.C. pone a su disposici\u00f3n este Aviso de Privacidad para informarle c\u00f3mo recabamos, usamos y protegemos sus datos personales, conforme a la legislaci\u00f3n vigente.<\/p>\t\t\t\t\t\t\t\t<\/div>\n\t\t\t\t<\/div>\n\t\t\t\t<\/div>\n\t\t\t\t<\/div>\n\t\t<div class=\"elementor-element elementor-element-3acb50a e-flex e-con-boxed e-con e-parent\" data-id=\"3acb50a\" data-element_type=\"container\">\n\t\t\t\t\t<div class=\"e-con-inner\">\n\t\t<div class=\"elementor-element elementor-element-a93d346 e-con-full e-flex e-con e-child\" data-id=\"a93d346\" data-element_type=\"container\">\n\t\t\t\t<div class=\"elementor-element elementor-element-93bd012 elementor-widget elementor-widget-text-editor\" data-id=\"93bd012\" data-element_type=\"widget\" data-widget_type=\"text-editor.default\">\n\t\t\t\t<div class=\"elementor-widget-container\">\n\t\t\t\t\t\t\t\t\t<p>El presente Aviso de Privacidad describe como Ramos Castillo Abogados, S.C. (\u201cRamos Castillo\u201d) recaba, usa y revela cierta informaci\u00f3n personal obtenida a trav\u00e9s de nuestro Sitio Web: www.ramoscastillo.com (el \u201cSitio Web\u201d), de forma personal, v\u00eda telef\u00f3nica, a trav\u00e9s de medios electr\u00f3nicos o de correspondencia. En algunos casos, Ramos Castillo podr\u00e1 obtener dichos datos a trav\u00e9s de otras fuentes o de terceros. <\/p>\n<p>La informaci\u00f3n aqu\u00ed contenida es emitida en conformidad con la Ley Federal de Protecci\u00f3n de Datos Personales en Posesi\u00f3n de Particulares publicada en el Diario Oficial de la Federaci\u00f3n el d\u00eda 5 de julio de 2010; su Reglamento publicado el d\u00eda 21 de diciembre de 2011, y; los Lineamientos del Aviso de Privacidad publicados el 17 de Enero de 2013. Recolecci\u00f3n y Uso de la Informaci\u00f3n Personal: Los datos que recabamos son principalmente su nombre completo, correo electr\u00f3nico, direcci\u00f3n y tel\u00e9fono. Ramos Castillo solicita dicha informaci\u00f3n con la finalidad de identificar a nuestros clientes y prestarle asistencia jur\u00eddica de alta especializaci\u00f3n. <br>Los datos personales que Ramos Castillo puede obtener y utilizar, son los siguientes, mismos que se mencionan de manera enunciativa, m\u00e1s no limitativa: nombre completo, tel\u00e9fono, correo electr\u00f3nico, domicilio, lugar de trabajo, fotograf\u00eda, firma, datos de credencial de elector, de pasaporte y visa, nacionalidad, condici\u00f3n migratoria, RFC, CURP, puesto de trabajo, datos de cuentas, estado civil, historial crediticio, afiliaci\u00f3n sindical, e informaci\u00f3n fiscal y corporativa. Del mismo modo, existe la posibilidad de que resulte necesario recabar alg\u00fan tipo de informaci\u00f3n sensible, tal y como, estados de cuenta bancarios, informaci\u00f3n financiera, informaci\u00f3n privada. Cabe aclarar que lo anterior suceder\u00e1 \u00fanica y exclusivamente cuando sea estrictamente necesario para la correcta prestaci\u00f3n de nuestros servicios legales hacia usted. Transferencia de datos personales: Por regla general, sus datos personales no ser\u00e1n transferidos a ninguna otra persona o entidad, y permanecer\u00e1n salvaguardados en nuestra base de datos. Sin embargo, existe la posibilidad de que parte de sus datos puedan ser transmitidos a terceros que tambi\u00e9n presten servicios a Ramos Castillo en materia contable y\/o jur\u00eddica. <br><br>En caso de que esta transferencia llegase a ocurrir, Ramos Castillo comunicar\u00e1 el presente aviso de privacidad a dichos terceros, quienes deber\u00e1n apegarse al mismo. Medios para ejercer los derechos de acceso, rectificaci\u00f3n, cancelaci\u00f3n u oposici\u00f3n de Datos Personales (ARCO): Le informamos que tiene el derecho de Acceder a sus datos personales que poseemos y a ser informado del tratamiento que le damos a los mismos; as\u00ed como a Rectificarlos en caso de ser inexactos o incompletos; Cancelarlos cuando resulten ser excesivos o innecesarios para las finalidades que justificaron su obtenci\u00f3n u Oponerse al tratamiento de los mismos para fines espec\u00edficos. Si nos ha proporcionado datos personales para los fines antes descritos y desea tener acceso, rectificar, actualizar, cancelar, oponerse o revocar el uso de sus datos personales, en cualquier momento podr\u00e1 solicitarlo mediante escrito dirigido a nuestra \u00e1rea de Tratamiento de Datos Personales, ya sea de forma f\u00edsica en nuestro domicilio indicado al final o v\u00eda correo electr\u00f3nico al correo administracion@ramoscastillo.com. Dicho escrito deber\u00e1 reunir los siguientes requisitos: nombre completo y domicilio, correo electr\u00f3nico, documentos que acrediten su personalidad, descripci\u00f3n clara y sencilla del derecho que busca ejercer (motivo de la solicitud) y en el caso de rectificaci\u00f3n de alguno de sus datos personales, deber\u00e1 se\u00f1alar las modificaciones a realizarse y aportar la documentaci\u00f3n que sustente su petici\u00f3n. <br><br>En caso de no ser el titular quien presente dicho escrito, se deber\u00e1 acreditar la legal representaci\u00f3n, mediante carta poder firmada ante dos testigos o instrumento p\u00fablico, anexando identificaci\u00f3n del titular de los datos personales y del representante legal. Su solicitud ser\u00e1 atendida en un plazo m\u00e1ximo de 20 (veinte) d\u00edas naturales contados a partir de la fecha en que Ramos Castillo la reciba y dentro de este plazo le informaremos nuestra respuesta v\u00eda correo electr\u00f3nico. Ramos Castillo podr\u00e1 requerirle para poder responder a su solicitud que presente de forma f\u00edsica para cotejo los originales de los documentos que acompa\u00f1\u00f3 a su solicitud, para esto deber\u00e1 acudir al domicilio indicado al inicio de este documento dentro de los cinco (5) d\u00edas h\u00e1biles siguientes a la fecha en que le sean requeridos. En caso de no presentar los originales de los documentos en este plazo, su solicitud ser\u00e1 archivada y los t\u00e9rminos del tratamiento de sus datos personales se ajustar\u00e1n a lo establecido en este Aviso de Privacidad vigente. Si su petici\u00f3n es procedente, se har\u00e1 efectiva dentro de los 15 (quince) d\u00edas naturales siguientes a la fecha en que Ramos Castillo le comunique la respuesta. <br>Ramos Castillo podr\u00e1 negar el ejercicio de los derechos ARCO, en los siguientes supuestos: Cuando no sea el titular de los datos personales o bien, no haya acreditado debidamente la representaci\u00f3n del titular; Cuando sus datos personales no obren en nuestra base de datos; Cuando se lesionen los derechos de un tercero; Cuando exista un impedimento legal o la resoluci\u00f3n de una autoridad competente que restrinja sus derechos ARCO; Cuando la rectificaci\u00f3n, cancelaci\u00f3n u oposici\u00f3n haya sido previamente realizada. La respuesta podr\u00eda ser negativa parcialmente, en cuyo caso, Ramos Castillo atender\u00e1 la solicitud en la parte procedente. <br><br>Revocaci\u00f3n de consentimiento al tratamiento de datos personales: En cualquier momento podr\u00e1 revocar su consentimiento para el tratamiento de sus datos personales; para ello ser\u00e1 necesario que dirija su petici\u00f3n por correo electr\u00f3nico a la direcci\u00f3n se\u00f1alada al final de este Aviso, en donde deber\u00e1 indicar de forma expresa su petici\u00f3n. Trabajamos diariamente para limitar el uso o divulgaci\u00f3n de los datos personales. En Ramos Castillo tenemos implementadas pol\u00edticas y mecanismos que protegen de forma administrativa, t\u00e9cnica y f\u00edsica los datos personales que nos ha proporcionado con el fin de poder evitar p\u00e9rdidas, usos incorrectos o accesos no autorizados, publicaciones, modificaciones o destrucciones de los datos personales. <br><br>Estas pr\u00e1cticas de privacidad son llevadas a cabo de manera permanente para la protecci\u00f3n, privacidad y confidencialidad que los datos personales merecen. Para el caso de que no desee seguir recibiendo comunicados o promociones de nuestra parte, adem\u00e1s de podernos enviar un correo electr\u00f3nico a la direcci\u00f3n que se se\u00f1ala al final de este Aviso con esta petici\u00f3n. Uso de Cookies y Web beacons: Cookies y Web beacons son piezas de informaci\u00f3n que un sitio de la red transfiere al disco duro individual del equipo, con el prop\u00f3sito de mantener registros. <br><br>Nuestro sitio web no hace uso de estos mecanismos para recabar informaci\u00f3n alguna. Cambios en nuestro Aviso de Privacidad: En caso de que exista alg\u00fan cambio respecto a las pol\u00edticas antes mencionadas, Ramos Castillo lo comunicar\u00e1 oportunamente a trav\u00e9s de la p\u00e1gina de Internet www.ramoscastillo.com Contacto: Para cualquier pregunta o comentario acerca de nuestro Aviso de Privacidad, o en caso de requerir asesor\u00eda o actualizar los datos personales que tenemos de usted, por favor contacte a: Responsable: Acela Estefan\u00eda L\u00f3pez L\u00f3pez Direcci\u00f3n: Aldous Huxley 5191, Fraccionamiento Jardines Universidad, Zapopan, Jalisco, C.P.:45110 Correo electr\u00f3nico: administracion@ramoscastillo.com Tel\u00e9fono: (33) 38-17-17-74 Horario: Lunes a viernes de 9:00 a 14:00 hrs y de 16:00 a 19:00 hrs. (UTC \u2013 06:00) Acela Estefan\u00eda L\u00f3pez L\u00f3pez, en Ramos Castillo Abogados, S.C., es responsable por el contenido de esta Pol\u00edtica de Privacidad.<\/p>\t\t\t\t\t\t\t\t<\/div>\n\t\t\t\t<\/div>\n\t\t\t\t<\/div>\n\t\t\t\t\t<\/div>\n\t\t\t\t<\/div>\n\t\t\t\t<\/div>","protected":false},"excerpt":{"rendered":"<p>Aviso de Privacidad Ramos Castillo Abogados, S.C. pone a su disposici\u00f3n este Aviso de Privacidad para informarle c\u00f3mo recabamos, usamos y protegemos sus datos personales, conforme a la legislaci\u00f3n vigente. El presente Aviso de Privacidad describe como Ramos Castillo Abogados, S.C. (\u201cRamos Castillo\u201d) recaba, usa y revela cierta informaci\u00f3n personal obtenida a trav\u00e9s de nuestro [&hellip;]<\/p>","protected":false},"author":1,"featured_media":0,"parent":0,"menu_order":0,"comment_status":"closed","ping_status":"closed","template":"","meta":{"_acf_changed":false,"footnotes":""},"class_list":["post-9086","page","type-page","status-publish","hentry"],"acf":[],"_links":{"self":[{"href":"https:\/\/ramoscastillo.com\/es\/wp-json\/wp\/v2\/pages\/9086","targetHints":{"allow":["GET"]}}],"collection":[{"href":"https:\/\/ramoscastillo.com\/es\/wp-json\/wp\/v2\/pages"}],"about":[{"href":"https:\/\/ramoscastillo.com\/es\/wp-json\/wp\/v2\/types\/page"}],"author":[{"embeddable":true,"href":"https:\/\/ramoscastillo.com\/es\/wp-json\/wp\/v2\/users\/1"}],"replies":[{"embeddable":true,"href":"https:\/\/ramoscastillo.com\/es\/wp-json\/wp\/v2\/comments?post=9086"}],"version-history":[{"count":25,"href":"https:\/\/ramoscastillo.com\/es\/wp-json\/wp\/v2\/pages\/9086\/revisions"}],"predecessor-version":[{"id":9133,"href":"https:\/\/ramoscastillo.com\/es\/wp-json\/wp\/v2\/pages\/9086\/revisions\/9133"}],"wp:attachment":[{"href":"https:\/\/ramoscastillo.com\/es\/wp-json\/wp\/v2\/media?parent=9086"}],"curies":[{"name":"wp","href":"https:\/\/api.w.org\/{rel}","templated":true}]}}