{"id":9112,"date":"2025-05-03T15:41:28","date_gmt":"2025-05-03T15:41:28","guid":{"rendered":"https:\/\/ramoscastillo.com\/?page_id=9112"},"modified":"2025-05-07T17:25:04","modified_gmt":"2025-05-07T17:25:04","slug":"liberacion-de-responsabilidad","status":"publish","type":"page","link":"https:\/\/ramoscastillo.com\/es\/liberacion-de-responsabilidad\/","title":{"rendered":"Liberaci\u00f3n de responsabilidad"},"content":{"rendered":"<div data-elementor-type=\"wp-page\" data-elementor-id=\"9112\" class=\"elementor elementor-9112\" data-elementor-post-type=\"page\">\n\t\t\t\t<div class=\"elementor-element elementor-element-a42279b e-con-full e-flex e-con e-parent\" data-id=\"a42279b\" data-element_type=\"container\" data-settings=\"{&quot;background_background&quot;:&quot;classic&quot;}\">\n\t\t\t\t<div class=\"elementor-element elementor-element-5737643 elementor-widget__width-initial elementor-invisible elementor-widget elementor-widget-legalik_animated-headline\" data-id=\"5737643\" data-element_type=\"widget\" data-settings=\"{&quot;_animation&quot;:&quot;fadeInLeft&quot;}\" data-widget_type=\"legalik_animated-headline.default\">\n\t\t\t\t<div class=\"elementor-widget-container\">\n\t\t\t\t\t        <h2  class=\"elementor-headline\">\n                    <span class=\"elementor-headline-plain-text elementor-headline-text-wrapper\">Liberaci\u00f3n de<\/span>\n                <span class=\"elementor-headline-dynamic-wrapper elementor-headline-text-wrapper\">\n                    <span class=\"elementor-headline-dynamic-text elementor-headline-text-active\">Responsabilidad<\/span>\n        \t\t<\/span>\n                <\/h2>\n        \t\t\t\t<\/div>\n\t\t\t\t<\/div>\n\t\t\t\t<div class=\"elementor-element elementor-element-d0b8404 elementor-widget-divider--view-line elementor-invisible elementor-widget elementor-widget-divider\" data-id=\"d0b8404\" data-element_type=\"widget\" data-settings=\"{&quot;_animation&quot;:&quot;fadeInLeft&quot;,&quot;_animation_delay&quot;:500}\" data-widget_type=\"divider.default\">\n\t\t\t\t<div class=\"elementor-widget-container\">\n\t\t\t\t\t\t\t<div class=\"elementor-divider\">\n\t\t\t<span class=\"elementor-divider-separator\">\n\t\t\t\t\t\t<\/span>\n\t\t<\/div>\n\t\t\t\t\t\t<\/div>\n\t\t\t\t<\/div>\n\t\t<div class=\"elementor-element elementor-element-134f892 e-con-full e-flex e-con e-child\" data-id=\"134f892\" data-element_type=\"container\">\n\t\t\t\t<div class=\"elementor-element elementor-element-592df73 elementor-invisible elementor-widget elementor-widget-text-editor\" data-id=\"592df73\" data-element_type=\"widget\" data-settings=\"{&quot;_animation&quot;:&quot;fadeInLeft&quot;}\" data-widget_type=\"text-editor.default\">\n\t\t\t\t<div class=\"elementor-widget-container\">\n\t\t\t\t\t\t\t\t\t<p>El siguiente aviso establece los t\u00e9rminos bajo los cuales se limita la responsabilidad de Ramos Castillo Abogados, S.C. respecto al uso de la informaci\u00f3n publicada en su sitio web.<\/p>\t\t\t\t\t\t\t\t<\/div>\n\t\t\t\t<\/div>\n\t\t\t\t<\/div>\n\t\t\t\t<\/div>\n\t\t<div class=\"elementor-element elementor-element-3acb50a e-flex e-con-boxed e-con e-parent\" data-id=\"3acb50a\" data-element_type=\"container\">\n\t\t\t\t\t<div class=\"e-con-inner\">\n\t\t<div class=\"elementor-element elementor-element-a93d346 e-con-full e-flex e-con e-child\" data-id=\"a93d346\" data-element_type=\"container\">\n\t\t\t\t<div class=\"elementor-element elementor-element-93bd012 elementor-widget elementor-widget-text-editor\" data-id=\"93bd012\" data-element_type=\"widget\" data-widget_type=\"text-editor.default\">\n\t\t\t\t<div class=\"elementor-widget-container\">\n\t\t\t\t\t\t\t\t\t<p>Ramos Castillo Abogados, S.C. es una sociedad civil constituida y existente de conformidad con las leyes de los Estados Unidos Mexicanos (\u201cM\u00e9xico\u201d). <br \/><br \/>Los abogados de Ramos Castillo Abogados, S.C. \u00fanicamente est\u00e1n autorizados a prestar servicios legales en M\u00e9xico. La informaci\u00f3n y opiniones expresadas en esta p\u00e1gina web son responsabilidad exclusiva de los autores de los contenidos de la misma, y no representan o reflejan la opini\u00f3n o posici\u00f3n de Ramos Castillo Abogados, S.C. Ramos Castillo Abogados, S.C. y sus empleados no garantizan en forma alguna ni son responsables de la veracidad, suficiencia o uso que se le d\u00e9 a la informaci\u00f3n contenida en esta p\u00e1gina web. <br \/><br \/>Ramos Castillo Abogados, S.C. no ser\u00e1 responsable de los da\u00f1os y perjuicios que, directa o indirectamente, deriven del uso de la informaci\u00f3n contenida en esta p\u00e1gina web. Al acceder a nuestra p\u00e1gina web, usted acepta en su totalidad la presente liberaci\u00f3n de responsabilidad.<\/p>\t\t\t\t\t\t\t\t<\/div>\n\t\t\t\t<\/div>\n\t\t\t\t<\/div>\n\t\t\t\t\t<\/div>\n\t\t\t\t<\/div>\n\t\t\t\t<\/div>","protected":false},"excerpt":{"rendered":"<p>Liberaci\u00f3n de Responsabilidad El siguiente aviso establece los t\u00e9rminos bajo los cuales se limita la responsabilidad de Ramos Castillo Abogados, S.C. respecto al uso de la informaci\u00f3n publicada en su sitio web. Ramos Castillo Abogados, S.C. es una sociedad civil constituida y existente de conformidad con las leyes de los Estados Unidos Mexicanos (\u201cM\u00e9xico\u201d). Los [&hellip;]<\/p>","protected":false},"author":1,"featured_media":0,"parent":0,"menu_order":0,"comment_status":"closed","ping_status":"closed","template":"","meta":{"_acf_changed":false,"footnotes":""},"class_list":["post-9112","page","type-page","status-publish","hentry"],"acf":[],"_links":{"self":[{"href":"https:\/\/ramoscastillo.com\/es\/wp-json\/wp\/v2\/pages\/9112","targetHints":{"allow":["GET"]}}],"collection":[{"href":"https:\/\/ramoscastillo.com\/es\/wp-json\/wp\/v2\/pages"}],"about":[{"href":"https:\/\/ramoscastillo.com\/es\/wp-json\/wp\/v2\/types\/page"}],"author":[{"embeddable":true,"href":"https:\/\/ramoscastillo.com\/es\/wp-json\/wp\/v2\/users\/1"}],"replies":[{"embeddable":true,"href":"https:\/\/ramoscastillo.com\/es\/wp-json\/wp\/v2\/comments?post=9112"}],"version-history":[{"count":15,"href":"https:\/\/ramoscastillo.com\/es\/wp-json\/wp\/v2\/pages\/9112\/revisions"}],"predecessor-version":[{"id":9127,"href":"https:\/\/ramoscastillo.com\/es\/wp-json\/wp\/v2\/pages\/9112\/revisions\/9127"}],"wp:attachment":[{"href":"https:\/\/ramoscastillo.com\/es\/wp-json\/wp\/v2\/media?parent=9112"}],"curies":[{"name":"wp","href":"https:\/\/api.w.org\/{rel}","templated":true}]}}